{"id":129,"date":"2016-06-26T10:53:33","date_gmt":"2016-06-26T08:53:33","guid":{"rendered":"http:\/\/www.manda-motorhome-tours.com\/?page_id=129"},"modified":"2025-06-20T17:40:22","modified_gmt":"2025-06-20T15:40:22","slug":"imprint-and-legal-notice","status":"publish","type":"page","link":"https:\/\/manda-motorhome-tours.com\/de\/imprint-and-legal-notice\/","title":{"rendered":"IMPRESSUM &#038; RECHTLICHE HINWEISE"},"content":{"rendered":"<h2 class=\"n diyfeLiveArea\"><strong>IMPRESSUM<\/strong><\/h2>\n<div class=\"n diyfeLiveArea\">\n<p>MandA Tours &#8211; Michael und A. Hirschh\u00e4user GbR<\/p>\n<p>Nordring 46a<br \/>\n76829 Landau in der Pfalz<br \/>\nDeutschland<\/p>\n<h2><strong>Kontakt<\/strong><\/h2>\n<p>Michael Hirschh\u00e4user<\/p>\n<p>Mobil: +49 170 355 1765<\/p>\n<p>E-Mail: info@manda-tours.com<\/p>\n<h2>Umsatzsteuer-Identifikationsnummer<\/h2>\n<div class=\"n diyfeLiveArea\">\n<p>DE302423045<\/p>\n<\/div>\n<h2><\/h2>\n<p>&nbsp;<\/p>\n<div class=\"n diyfeLiveArea\">\n<h2><strong>RECHTLICHE HINWEISE<\/strong><\/h2>\n<\/div>\n<\/div>\n<div class=\"n diyfeLiveArea\">\n<section class=\"beocms-section\">\n<div class=\"beocms-section__text\">\n<div class=\"beocms-text\">\n<p>Informationen auf dieser Internetseite dienen lediglich dem Zweck, MandA Tours &#8211; Michael und A. Hirschh\u00e4user GbR,\u00a0sowie unsere Leistungen zu pr\u00e4sentieren. Unsere Informationen entsprechen unseren heutigen Kenntnissen und Erfahrungen nach unserem besten Wissen. Wir geben sie jedoch ohne Verbindlichkeit weiter und \u00fcbernehmen insbesondere keine Gew\u00e4hr f\u00fcr Vollst\u00e4ndigkeit, Richtigkeit und jederzeitige Verf\u00fcgbarkeit der Informationen. Unsere Informationen beschreiben weder die Beschaffenheit unserer Leistungen noch stellen sie Garantien dar.<\/p>\n<p>Wir empfehlen, jegliche Informationen, welche diese Internetseite enth\u00e4lt, vor Gebrauch fachm\u00e4nnisch zu \u00fcberpr\u00fcfen. Der Zugriff auf diese Internetseite und deren Inhalte geschieht auf eigene Gefahr des Nutzers. Wir haften nicht f\u00fcr Sch\u00e4den, welche im Zusammenhang mit der Nutzung dieser Internetseite entstehen, soweit wir diese nicht vors\u00e4tzlich verursacht haben und keine dar\u00fcber hinausgehende zwingende gesetzliche Haftung unsererseits besteht.<\/p>\n<h2>URHEBER- UND GEWERBLICHE SCHUTZRECHTE<\/h2>\n<\/div>\n<\/div>\n<\/section>\n<section class=\"beocms-section\">\n<div class=\"beocms-section__text\">\n<div class=\"beocms-text\">\n<p>S\u00e4mtliche auf dieser Webseite ver\u00f6ffentlichten Informationen, insbesondere Texte, Bilder, Graphiken, Logos, Webcam-Aufzeichnungen, Ton-, Video- und Animationsdateien sowie deren Darstellung (nachstehend \u201eInhalte\u201c) unterliegen urheberrechtlichem Schutz sowie erg\u00e4nzenden gesetzlichen Regelungen zum gewerblichen Rechtsschutz.<\/p>\n<p>Die Inhalte d\u00fcrfen au\u00dferhalb der gesetzlichen Grenzen des geltenden Urheberrechts nicht vervielf\u00e4ltigt, verbreitet, ver\u00e4ndert und\/oder \u00f6ffentlich wiedergegeben werden. Insbesondere ist die Verwendung der Inhalte auf fremden Webseiten nicht gestattet. Kopien f\u00fcr den eigenen, privaten Gebrauch m\u00fcssen einen Hinweis auf das Urheberrecht unseres Unternehmens enthalten.<\/p>\n<p>Das Setzen eines Hyperlinks auf diese Webseite ist nur nach unserer vorherigen Zustimmung gestattet. Bitte wenden Sie sich dazu an den im Impressum genannten Ansprechpartner f\u00fcr diese Webseite.<\/p>\n<p>\u00dcber diese Webseite werden keine Nutzungsrechte an gewerblichen Schutzrechten gew\u00e4hrt. Eine entsprechende Nutzung, insbesondere eine kommerzielle Nutzung, ist mangels ausdr\u00fccklicher schriftlicher Erlaubnis verboten und stellt eine Verletzung der jeweils geltenden Schutzgesetze dar.<\/p>\n<\/div>\n<\/div>\n<\/section>\n<p>&nbsp;<\/p>\n<h3><strong>Copyright:<\/strong><\/h3>\n<p>Bayerische Fernwege e.V. \u00a0Sparte Deutsche Alpenstra\u00dfe\u00a0<a href=\"http:\/\/www.deutsche-alpenstrasse.de\/\" target=\"_blank\" rel=\"noopener noreferrer\" data-cke-saved-href=\"http:\/\/www.deutsche-alpenstrasse.de\">www.deutsche-alpenstrasse.de<\/a><\/p>\n<p>Schwarzwald Tourismus\u00a0<a href=\"http:\/\/www.schwarzwald-tourismus.info\/\" target=\"_blank\" rel=\"noopener noreferrer\" data-cke-saved-href=\"http:\/\/www.schwarzwald-tourismus.info\">www.schwarzwald-tourismus.info<\/a><\/p>\n<p>CG41,\u00a0CDT41-Mirphoto21012,\u00a0CDT41-lrothon,\u00a0CDT41-L.D.Serres,\u00a0S-Clamens<\/p>\n<p>OTSR\u00a0<a href=\"http:\/\/www.otstrasbourg.fr\/de\/fotothek-in-der-hohe-definition\" target=\"_blank\" rel=\"noopener noreferrer\">www.otstrasbourg.fr<\/a><\/p>\n<p>www.medien.aachen.de \/ Andreas Herrmann \/\u00a0Andreas Steindl<\/p>\n<p>Stadt Landsberg am Lech<\/p>\n<p>St\u00e4dt. Tourist-Information Donauw\u00f6rth<\/p>\n<p>F\u00fcssen Tourismus und Marketing<\/p>\n<p>Salzburg Panorama Tours<\/p>\n<p>R\u00fcdesheim Tourist AG, Ketz, Steinmetz<\/p>\n<p>Rental Alliance GmbH (McRent)<\/p>\n<\/div>\n","protected":false},"excerpt":{"rendered":"<p>IMPRESSUM MandA Tours &#8211; Michael und A. Hirschh\u00e4user GbR Nordring 46a 76829 Landau in der Pfalz Deutschland Kontakt Michael Hirschh\u00e4user Mobil: +49 170 355 1765 E-Mail: info@manda-tours.com Umsatzsteuer-Identifikationsnummer DE302423045 &nbsp; RECHTLICHE HINWEISE Informationen auf dieser Internetseite dienen lediglich dem Zweck, MandA Tours &#8211; Michael und A. Hirschh\u00e4user GbR,\u00a0sowie unsere Leistungen zu pr\u00e4sentieren. Unsere Informationen entsprechen&hellip;&nbsp;<a href=\"https:\/\/manda-motorhome-tours.com\/de\/imprint-and-legal-notice\/\" rel=\"bookmark\">Weiterlesen &raquo;<span class=\"screen-reader-text\">IMPRESSUM &#038; RECHTLICHE HINWEISE<\/span><\/a><\/p>\n","protected":false},"author":1,"featured_media":0,"parent":0,"menu_order":0,"comment_status":"closed","ping_status":"closed","template":"","meta":{"neve_meta_sidebar":"","neve_meta_container":"","neve_meta_enable_content_width":"off","neve_meta_content_width":100,"neve_meta_title_alignment":"","neve_meta_author_avatar":"","neve_post_elements_order":"","neve_meta_disable_header":"","neve_meta_disable_footer":"","neve_meta_disable_title":"","jetpack_post_was_ever_published":false,"footnotes":""},"class_list":["post-129","page","type-page","status-publish","hentry"],"translation":{"provider":"WPGlobus","version":"3.0.2","language":"de","enabled_languages":["en","de"],"languages":{"en":{"title":true,"content":true,"excerpt":false},"de":{"title":true,"content":true,"excerpt":false}}},"yoast_head":"<!-- This site is optimized with the Yoast SEO plugin v27.3 - https:\/\/yoast.com\/product\/yoast-seo-wordpress\/ -->\n<title>IMPRESSUM &amp; RECHTLICHE HINWEISE - MandA Tours - Gef\u00fchrte Wohnmobil Reisen<\/title>\n<meta name=\"description\" content=\"IMPRESSUM &amp; RECHTLICHE HINWEISE: Informationen auf dieser Internetseite dienen lediglich dem Zweck, MandA Tours zu pr\u00e4sentieren\" \/>\n<meta name=\"robots\" content=\"index, follow, max-snippet:-1, max-image-preview:large, max-video-preview:-1\" \/>\n<link rel=\"canonical\" href=\"https:\/\/manda-motorhome-tours.com\/imprint-and-legal-notice\/\" \/>\n<meta property=\"og:locale\" content=\"de_DE\" \/>\n<meta property=\"og:type\" content=\"article\" \/>\n<meta property=\"og:title\" content=\"IMPRESSUM &amp; RECHTLICHE HINWEISE - MandA Tours - Gef\u00fchrte Wohnmobil Reisen\" \/>\n<meta property=\"og:description\" content=\"IMPRESSUM &amp; RECHTLICHE HINWEISE: Informationen auf dieser Internetseite dienen lediglich dem Zweck, MandA Tours zu pr\u00e4sentieren\" \/>\n<meta property=\"og:url\" content=\"https:\/\/manda-motorhome-tours.com\/imprint-and-legal-notice\/\" \/>\n<meta property=\"og:site_name\" content=\"MandA Tours - Gef\u00fchrte Wohnmobil Reisen\" \/>\n<meta property=\"article:publisher\" content=\"https:\/\/www.facebook.com\/MandAMotorhomeTours\/\" \/>\n<meta property=\"article:modified_time\" content=\"2025-06-20T15:40:22+00:00\" \/>\n<meta name=\"twitter:card\" content=\"summary_large_image\" \/>\n<meta name=\"twitter:label1\" content=\"Gesch\u00e4tzte Lesezeit\" \/>\n\t<meta name=\"twitter:data1\" content=\"2\u00a0Minuten\" \/>\n<script type=\"application\/ld+json\" class=\"yoast-schema-graph\">{\"@context\":\"https:\\\/\\\/schema.org\",\"@graph\":[{\"@type\":\"WebPage\",\"@id\":\"https:\\\/\\\/manda-motorhome-tours.com\\\/imprint-and-legal-notice\\\/\",\"url\":\"https:\\\/\\\/manda-motorhome-tours.com\\\/imprint-and-legal-notice\\\/\",\"name\":\"IMPRESSUM & RECHTLICHE HINWEISE - MandA Tours - Gef\u00fchrte Wohnmobil Reisen\",\"isPartOf\":{\"@id\":\"https:\\\/\\\/manda-motorhome-tours.com\\\/#website\"},\"datePublished\":\"2016-06-26T08:53:33+00:00\",\"dateModified\":\"2025-06-20T15:40:22+00:00\",\"description\":\"Imprint and Legal Notice. The information on this website is purely for the purpose of presenting MandA Tours and its services\",\"breadcrumb\":{\"@id\":\"https:\\\/\\\/manda-motorhome-tours.com\\\/imprint-and-legal-notice\\\/#breadcrumb\"},\"inLanguage\":\"de\",\"potentialAction\":[{\"@type\":\"ReadAction\",\"target\":[\"https:\\\/\\\/manda-motorhome-tours.com\\\/imprint-and-legal-notice\\\/\"]}]},{\"@type\":\"BreadcrumbList\",\"@id\":\"https:\\\/\\\/manda-motorhome-tours.com\\\/imprint-and-legal-notice\\\/#breadcrumb\",\"itemListElement\":[{\"@type\":\"ListItem\",\"position\":1,\"name\":\"Home\",\"item\":\"https:\\\/\\\/manda-motorhome-tours.com\\\/\"},{\"@type\":\"ListItem\",\"position\":2,\"name\":\"IMPRINT &#038; LEGAL NOTICE\"}]},{\"@type\":\"WebSite\",\"@id\":\"https:\\\/\\\/manda-motorhome-tours.com\\\/#website\",\"url\":\"https:\\\/\\\/manda-motorhome-tours.com\\\/\",\"name\":\"MandA Tours - Gef\u00fchrte Wohnmobil Reisen\",\"description\":\"MandA Tours bietet gef\u00fchrte Wohnmobilreisen zu ausgew\u00e4hlten Zielen innerhalb Europas an. Reisen Sie mit uns in die malerischsten Gegenden von Europa und erleben Sie Ihre unvergessliche Traumreise. Wir k\u00fcmmern uns darum, dass Sie sorgenfrei und ohne Planungsaufwand die sch\u00f6nsten St\u00e4dte und Landschaften der Region erleben und an ausgesuchten Events teilnehmen k\u00f6nnen\",\"publisher\":{\"@id\":\"https:\\\/\\\/manda-motorhome-tours.com\\\/#organization\"},\"potentialAction\":[{\"@type\":\"SearchAction\",\"target\":{\"@type\":\"EntryPoint\",\"urlTemplate\":\"https:\\\/\\\/manda-motorhome-tours.com\\\/?s={search_term_string}\"},\"query-input\":{\"@type\":\"PropertyValueSpecification\",\"valueRequired\":true,\"valueName\":\"search_term_string\"}}],\"inLanguage\":\"de\"},{\"@type\":\"Organization\",\"@id\":\"https:\\\/\\\/manda-motorhome-tours.com\\\/#organization\",\"name\":\"MandA Tours - Gef\u00fchrte Wohnmobil Reisen\",\"url\":\"https:\\\/\\\/manda-motorhome-tours.com\\\/\",\"logo\":{\"@type\":\"ImageObject\",\"inLanguage\":\"de\",\"@id\":\"https:\\\/\\\/manda-motorhome-tours.com\\\/#\\\/schema\\\/logo\\\/image\\\/\",\"url\":\"https:\\\/\\\/i0.wp.com\\\/manda-motorhome-tours.com\\\/wp-content\\\/uploads\\\/2019\\\/11\\\/MT_Logo_ohneClaim_3-18.jpg?fit=1593%2C655&ssl=1\",\"contentUrl\":\"https:\\\/\\\/i0.wp.com\\\/manda-motorhome-tours.com\\\/wp-content\\\/uploads\\\/2019\\\/11\\\/MT_Logo_ohneClaim_3-18.jpg?fit=1593%2C655&ssl=1\",\"width\":1593,\"height\":655,\"caption\":\"MandA Tours - Gef\u00fchrte Wohnmobil Reisen\"},\"image\":{\"@id\":\"https:\\\/\\\/manda-motorhome-tours.com\\\/#\\\/schema\\\/logo\\\/image\\\/\"},\"sameAs\":[\"https:\\\/\\\/www.facebook.com\\\/MandAMotorhomeTours\\\/\"]}]}<\/script>\n<!-- \/ Yoast SEO plugin. -->","yoast_head_json":{"title":"IMPRESSUM & RECHTLICHE HINWEISE - MandA Tours - Gef\u00fchrte Wohnmobil Reisen","description":"IMPRESSUM & RECHTLICHE HINWEISE: Informationen auf dieser Internetseite dienen lediglich dem Zweck, MandA Tours zu pr\u00e4sentieren","robots":{"index":"index","follow":"follow","max-snippet":"max-snippet:-1","max-image-preview":"max-image-preview:large","max-video-preview":"max-video-preview:-1"},"canonical":"https:\/\/manda-motorhome-tours.com\/imprint-and-legal-notice\/","og_locale":"de_DE","og_type":"article","og_title":"IMPRESSUM & RECHTLICHE HINWEISE - MandA Tours - Gef\u00fchrte Wohnmobil Reisen","og_description":"IMPRESSUM & RECHTLICHE HINWEISE: Informationen auf dieser Internetseite dienen lediglich dem Zweck, MandA Tours zu pr\u00e4sentieren","og_url":"https:\/\/manda-motorhome-tours.com\/imprint-and-legal-notice\/","og_site_name":"MandA Tours - Gef\u00fchrte Wohnmobil Reisen","article_publisher":"https:\/\/www.facebook.com\/MandAMotorhomeTours\/","article_modified_time":"2025-06-20T15:40:22+00:00","twitter_card":"summary_large_image","twitter_misc":{"Gesch\u00e4tzte Lesezeit":"2\u00a0Minuten"},"schema":{"@context":"https:\/\/schema.org","@graph":[{"@type":"WebPage","@id":"https:\/\/manda-motorhome-tours.com\/imprint-and-legal-notice\/","url":"https:\/\/manda-motorhome-tours.com\/imprint-and-legal-notice\/","name":"IMPRESSUM & RECHTLICHE HINWEISE - MandA Tours - Gef\u00fchrte Wohnmobil Reisen","isPartOf":{"@id":"https:\/\/manda-motorhome-tours.com\/#website"},"datePublished":"2016-06-26T08:53:33+00:00","dateModified":"2025-06-20T15:40:22+00:00","description":"Imprint and Legal Notice. The information on this website is purely for the purpose of presenting MandA Tours and its services","breadcrumb":{"@id":"https:\/\/manda-motorhome-tours.com\/imprint-and-legal-notice\/#breadcrumb"},"inLanguage":"de","potentialAction":[{"@type":"ReadAction","target":["https:\/\/manda-motorhome-tours.com\/imprint-and-legal-notice\/"]}]},{"@type":"BreadcrumbList","@id":"https:\/\/manda-motorhome-tours.com\/imprint-and-legal-notice\/#breadcrumb","itemListElement":[{"@type":"ListItem","position":1,"name":"Home","item":"https:\/\/manda-motorhome-tours.com\/"},{"@type":"ListItem","position":2,"name":"IMPRINT &#038; LEGAL NOTICE"}]},{"@type":"WebSite","@id":"https:\/\/manda-motorhome-tours.com\/#website","url":"https:\/\/manda-motorhome-tours.com\/","name":"MandA Tours - Gef\u00fchrte Wohnmobil Reisen","description":"MandA Tours bietet gef\u00fchrte Wohnmobilreisen zu ausgew\u00e4hlten Zielen innerhalb Europas an. Reisen Sie mit uns in die malerischsten Gegenden von Europa und erleben Sie Ihre unvergessliche Traumreise. Wir k\u00fcmmern uns darum, dass Sie sorgenfrei und ohne Planungsaufwand die sch\u00f6nsten St\u00e4dte und Landschaften der Region erleben und an ausgesuchten Events teilnehmen k\u00f6nnen","publisher":{"@id":"https:\/\/manda-motorhome-tours.com\/#organization"},"potentialAction":[{"@type":"SearchAction","target":{"@type":"EntryPoint","urlTemplate":"https:\/\/manda-motorhome-tours.com\/?s={search_term_string}"},"query-input":{"@type":"PropertyValueSpecification","valueRequired":true,"valueName":"search_term_string"}}],"inLanguage":"de"},{"@type":"Organization","@id":"https:\/\/manda-motorhome-tours.com\/#organization","name":"MandA Tours - Gef\u00fchrte Wohnmobil Reisen","url":"https:\/\/manda-motorhome-tours.com\/","logo":{"@type":"ImageObject","inLanguage":"de","@id":"https:\/\/manda-motorhome-tours.com\/#\/schema\/logo\/image\/","url":"https:\/\/i0.wp.com\/manda-motorhome-tours.com\/wp-content\/uploads\/2019\/11\/MT_Logo_ohneClaim_3-18.jpg?fit=1593%2C655&ssl=1","contentUrl":"https:\/\/i0.wp.com\/manda-motorhome-tours.com\/wp-content\/uploads\/2019\/11\/MT_Logo_ohneClaim_3-18.jpg?fit=1593%2C655&ssl=1","width":1593,"height":655,"caption":"MandA Tours - Gef\u00fchrte Wohnmobil Reisen"},"image":{"@id":"https:\/\/manda-motorhome-tours.com\/#\/schema\/logo\/image\/"},"sameAs":["https:\/\/www.facebook.com\/MandAMotorhomeTours\/"]}]}},"jetpack_shortlink":"https:\/\/wp.me\/P7FFB3-25","jetpack-related-posts":[{"id":2203,"url":"https:\/\/manda-motorhome-tours.com\/de\/contact\/","url_meta":{"origin":129,"position":0},"title":"Kontakt","author":"admin","date":"13. M\u00e4rz 2017","format":false,"excerpt":"{:en} CONTACT US \u00a0 \u00a0 If you have any questions or require further information please do not hesitate to contact us. Use the following contact form, send us an e-mail or just give us a call.We look forward to hearing from you. \u00a0 MandA Tours - Michael und A. Hirschh\u00e4user\u2026","rel":"","context":"\u00c4hnlicher Beitrag","block_context":{"text":"\u00c4hnlicher Beitrag","link":""},"img":{"alt_text":"Tourist Information Contact","src":"https:\/\/i0.wp.com\/manda-motorhome-tours.com\/wp-content\/uploads\/2020\/03\/Tourist-Information-contact-16-9.jpg?fit=1200%2C676&ssl=1&resize=350%2C200","width":350,"height":200,"srcset":"https:\/\/i0.wp.com\/manda-motorhome-tours.com\/wp-content\/uploads\/2020\/03\/Tourist-Information-contact-16-9.jpg?fit=1200%2C676&ssl=1&resize=350%2C200 1x, https:\/\/i0.wp.com\/manda-motorhome-tours.com\/wp-content\/uploads\/2020\/03\/Tourist-Information-contact-16-9.jpg?fit=1200%2C676&ssl=1&resize=525%2C300 1.5x, https:\/\/i0.wp.com\/manda-motorhome-tours.com\/wp-content\/uploads\/2020\/03\/Tourist-Information-contact-16-9.jpg?fit=1200%2C676&ssl=1&resize=700%2C400 2x, https:\/\/i0.wp.com\/manda-motorhome-tours.com\/wp-content\/uploads\/2020\/03\/Tourist-Information-contact-16-9.jpg?fit=1200%2C676&ssl=1&resize=1050%2C600 3x"},"classes":[]},{"id":241039,"url":"https:\/\/manda-motorhome-tours.com\/de\/","url_meta":{"origin":129,"position":1},"title":"Startseite","author":"Daniel Thorisch","date":"6. Oktober 2020","format":false,"excerpt":"{:en}MANDA TOURS ESCORTED MOTORHOME TOURS Our tours why travel with us who we are Our Tours Choose your Escorted European Motorhome Tour TOURING SEASON 2026 MAJESTIC RHINE & MOSELLE RIVERS Tour date: 27.06. \u2013 11.07.2026(Calais pick-up: 27.06.2026) Scenic Switzerland Tour date: 29.08. \u2013 12.09.2026(Calais pick-up: 28.08.2026) AMAZING ALPINE ROADS Tour\u2026","rel":"","context":"\u00c4hnlicher Beitrag","block_context":{"text":"\u00c4hnlicher Beitrag","link":""},"img":{"alt_text":"Sunset Majestic Rhine & Moselle Rivers Tour IMG_4364 Breitbild","src":"https:\/\/i0.wp.com\/manda-motorhome-tours.com\/wp-content\/uploads\/2020\/03\/Sunset-Majestic-Rhine-Moselle-Rivers-Tour-IMG_4364-Breitbild.jpg?fit=1200%2C751&ssl=1&resize=350%2C200","width":350,"height":200,"srcset":"https:\/\/i0.wp.com\/manda-motorhome-tours.com\/wp-content\/uploads\/2020\/03\/Sunset-Majestic-Rhine-Moselle-Rivers-Tour-IMG_4364-Breitbild.jpg?fit=1200%2C751&ssl=1&resize=350%2C200 1x, https:\/\/i0.wp.com\/manda-motorhome-tours.com\/wp-content\/uploads\/2020\/03\/Sunset-Majestic-Rhine-Moselle-Rivers-Tour-IMG_4364-Breitbild.jpg?fit=1200%2C751&ssl=1&resize=525%2C300 1.5x, https:\/\/i0.wp.com\/manda-motorhome-tours.com\/wp-content\/uploads\/2020\/03\/Sunset-Majestic-Rhine-Moselle-Rivers-Tour-IMG_4364-Breitbild.jpg?fit=1200%2C751&ssl=1&resize=700%2C400 2x, https:\/\/i0.wp.com\/manda-motorhome-tours.com\/wp-content\/uploads\/2020\/03\/Sunset-Majestic-Rhine-Moselle-Rivers-Tour-IMG_4364-Breitbild.jpg?fit=1200%2C751&ssl=1&resize=1050%2C600 3x"},"classes":[]},{"id":240179,"url":"https:\/\/manda-motorhome-tours.com\/de\/startseite-zelle-2-2\/","url_meta":{"origin":129,"position":2},"title":"Startseite","author":"Daniel Thorisch","date":"3. April 2020","format":false,"excerpt":"{:en}MANDA TOURS ESCORTED MOTORHOME TOURS Our tours why travel with us who we are Our Tours Choose your Escorted European Motorhome Tour TOURS 2021 Springtime in Holland Tour date: 10.04. \u2013 25.04.2021 (Calais pick-up: 10.04.2021) Impressive Italian Lakes & Cities Tour date: 09.05. \u2013 22.05.2021 (Calais pick-up: 07.05.2021) picturesque provence\u2026","rel":"","context":"\u00c4hnlicher Beitrag","block_context":{"text":"\u00c4hnlicher Beitrag","link":""},"img":{"alt_text":"Sunset Majestic Rhine & Moselle Rivers Tour IMG_4364 Breitbild","src":"https:\/\/i0.wp.com\/manda-motorhome-tours.com\/wp-content\/uploads\/2020\/03\/Sunset-Majestic-Rhine-Moselle-Rivers-Tour-IMG_4364-Breitbild.jpg?fit=1200%2C751&ssl=1&resize=350%2C200","width":350,"height":200,"srcset":"https:\/\/i0.wp.com\/manda-motorhome-tours.com\/wp-content\/uploads\/2020\/03\/Sunset-Majestic-Rhine-Moselle-Rivers-Tour-IMG_4364-Breitbild.jpg?fit=1200%2C751&ssl=1&resize=350%2C200 1x, https:\/\/i0.wp.com\/manda-motorhome-tours.com\/wp-content\/uploads\/2020\/03\/Sunset-Majestic-Rhine-Moselle-Rivers-Tour-IMG_4364-Breitbild.jpg?fit=1200%2C751&ssl=1&resize=525%2C300 1.5x, https:\/\/i0.wp.com\/manda-motorhome-tours.com\/wp-content\/uploads\/2020\/03\/Sunset-Majestic-Rhine-Moselle-Rivers-Tour-IMG_4364-Breitbild.jpg?fit=1200%2C751&ssl=1&resize=700%2C400 2x, https:\/\/i0.wp.com\/manda-motorhome-tours.com\/wp-content\/uploads\/2020\/03\/Sunset-Majestic-Rhine-Moselle-Rivers-Tour-IMG_4364-Breitbild.jpg?fit=1200%2C751&ssl=1&resize=1050%2C600 3x"},"classes":[]},{"id":241096,"url":"https:\/\/manda-motorhome-tours.com\/de\/startseite-zelle-3-2-2\/","url_meta":{"origin":129,"position":3},"title":"Home","author":"Daniel Thorisch","date":"9. Oktober 2020","format":false,"excerpt":"{:en}MANDA TOURS ESCORTED MOTORHOME TOURS Our tours why travel with us who we are Our Tours Choose your Escorted European Motorhome Tour TOURS 2021 Springtime in Holland Tour date: 10.04. \u2013 25.04.2021 (Calais pick-up: 10.04.2021) Impressive Italian Lakes & Cities Tour date: 09.05. \u2013 22.05.2021 (Calais pick-up: 07.05.2021) picturesque provence\u2026","rel":"","context":"\u00c4hnlicher Beitrag","block_context":{"text":"\u00c4hnlicher Beitrag","link":""},"img":{"alt_text":"Sunset Majestic Rhine & Moselle Rivers Tour IMG_4364 Breitbild","src":"https:\/\/i0.wp.com\/manda-motorhome-tours.com\/wp-content\/uploads\/2020\/03\/Sunset-Majestic-Rhine-Moselle-Rivers-Tour-IMG_4364-Breitbild.jpg?fit=1200%2C751&ssl=1&resize=350%2C200","width":350,"height":200,"srcset":"https:\/\/i0.wp.com\/manda-motorhome-tours.com\/wp-content\/uploads\/2020\/03\/Sunset-Majestic-Rhine-Moselle-Rivers-Tour-IMG_4364-Breitbild.jpg?fit=1200%2C751&ssl=1&resize=350%2C200 1x, https:\/\/i0.wp.com\/manda-motorhome-tours.com\/wp-content\/uploads\/2020\/03\/Sunset-Majestic-Rhine-Moselle-Rivers-Tour-IMG_4364-Breitbild.jpg?fit=1200%2C751&ssl=1&resize=525%2C300 1.5x, https:\/\/i0.wp.com\/manda-motorhome-tours.com\/wp-content\/uploads\/2020\/03\/Sunset-Majestic-Rhine-Moselle-Rivers-Tour-IMG_4364-Breitbild.jpg?fit=1200%2C751&ssl=1&resize=700%2C400 2x, https:\/\/i0.wp.com\/manda-motorhome-tours.com\/wp-content\/uploads\/2020\/03\/Sunset-Majestic-Rhine-Moselle-Rivers-Tour-IMG_4364-Breitbild.jpg?fit=1200%2C751&ssl=1&resize=1050%2C600 3x"},"classes":[]},{"id":203,"url":"https:\/\/manda-motorhome-tours.com\/de\/booking\/","url_meta":{"origin":129,"position":4},"title":"Reiseanmeldung","author":"admin","date":"3. Juli 2016","format":false,"excerpt":"{:en}How to book your tour If you would like to book your motorhome tour online to secure your place in a fast and easy way, please fill in the green Online Booking Form below. Further details to complete your booking will be needed afterwards. To secure your place on a\u2026","rel":"","context":"\u00c4hnlicher Beitrag","block_context":{"text":"\u00c4hnlicher Beitrag","link":""},"img":{"alt_text":"","src":"","width":0,"height":0},"classes":[]},{"id":133,"url":"https:\/\/manda-motorhome-tours.com\/de\/general-terms-and-conditions\/","url_meta":{"origin":129,"position":5},"title":"Allgemeine Gesch\u00e4ftsbedingungen","author":"admin","date":"26. Juni 2016","format":false,"excerpt":"{:en} General Terms and Conditions (GTCs) MandA Tours - Michael und A. Hirschh\u00e4user GbR Hereinafter MANDA TOURS 1.\u00a0\u00a0 \u00a0Conclusion of Contract With the booking form you are entering into a binding travel contract with MANDA TOURS. The contract will be binding for MANDA TOURS once MANDA TOURS has confirmed the\u2026","rel":"","context":"\u00c4hnlicher Beitrag","block_context":{"text":"\u00c4hnlicher Beitrag","link":""},"img":{"alt_text":"","src":"","width":0,"height":0},"classes":[]}],"jetpack_sharing_enabled":true,"_links":{"self":[{"href":"https:\/\/manda-motorhome-tours.com\/de\/wp-json\/wp\/v2\/pages\/129","targetHints":{"allow":["GET"]}}],"collection":[{"href":"https:\/\/manda-motorhome-tours.com\/de\/wp-json\/wp\/v2\/pages"}],"about":[{"href":"https:\/\/manda-motorhome-tours.com\/de\/wp-json\/wp\/v2\/types\/page"}],"author":[{"embeddable":true,"href":"https:\/\/manda-motorhome-tours.com\/de\/wp-json\/wp\/v2\/users\/1"}],"replies":[{"embeddable":true,"href":"https:\/\/manda-motorhome-tours.com\/de\/wp-json\/wp\/v2\/comments?post=129"}],"version-history":[{"count":32,"href":"https:\/\/manda-motorhome-tours.com\/de\/wp-json\/wp\/v2\/pages\/129\/revisions"}],"predecessor-version":[{"id":244012,"href":"https:\/\/manda-motorhome-tours.com\/de\/wp-json\/wp\/v2\/pages\/129\/revisions\/244012"}],"wp:attachment":[{"href":"https:\/\/manda-motorhome-tours.com\/de\/wp-json\/wp\/v2\/media?parent=129"}],"curies":[{"name":"wp","href":"https:\/\/api.w.org\/{rel}","templated":true}]}}