{"id":143,"date":"2016-06-26T12:39:10","date_gmt":"2016-06-26T10:39:10","guid":{"rendered":"http:\/\/www.manda-motorhome-tours.com\/?page_id=143"},"modified":"2020-10-01T17:41:35","modified_gmt":"2020-10-01T15:41:35","slug":"secured-payment-certificate","status":"publish","type":"page","link":"https:\/\/manda-motorhome-tours.com\/de\/secured-payment-certificate\/","title":{"rendered":"Finanzielle Absicherung"},"content":{"rendered":"<h1 style=\"text-align: center;\"><a href=\"https:\/\/i0.wp.com\/www.manda-motorhome-tours.com\/wp-content\/uploads\/2020\/03\/Euro-Scheine-19-9.jpg?ssl=1\"><img data-recalc-dims=\"1\" loading=\"lazy\" decoding=\"async\" data-attachment-id=\"239941\" data-permalink=\"https:\/\/manda-motorhome-tours.com\/de\/euro-scheine-19-9\/\" data-orig-file=\"https:\/\/i0.wp.com\/manda-motorhome-tours.com\/wp-content\/uploads\/2020\/03\/Euro-Scheine-19-9.jpg?fit=1920%2C1081&amp;ssl=1\" data-orig-size=\"1920,1081\" data-comments-opened=\"1\" data-image-meta=\"{&quot;aperture&quot;:&quot;0&quot;,&quot;credit&quot;:&quot;Picasa&quot;,&quot;camera&quot;:&quot;&quot;,&quot;caption&quot;:&quot;&quot;,&quot;created_timestamp&quot;:&quot;1585218244&quot;,&quot;copyright&quot;:&quot;&quot;,&quot;focal_length&quot;:&quot;0&quot;,&quot;iso&quot;:&quot;0&quot;,&quot;shutter_speed&quot;:&quot;0&quot;,&quot;title&quot;:&quot;&quot;,&quot;orientation&quot;:&quot;0&quot;}\" data-image-title=\"Euro bills\" data-image-description=\"&lt;p&gt;Euro bills&lt;\/p&gt;\n\" data-image-caption=\"\" data-large-file=\"https:\/\/i0.wp.com\/manda-motorhome-tours.com\/wp-content\/uploads\/2020\/03\/Euro-Scheine-19-9.jpg?fit=1024%2C577&amp;ssl=1\" class=\"aligncenter wp-image-239941 size-full\" src=\"https:\/\/i0.wp.com\/www.manda-motorhome-tours.com\/wp-content\/uploads\/2020\/03\/Euro-Scheine-19-9.jpg?resize=1200%2C676&#038;ssl=1\" alt=\"Euro bills\" width=\"1200\" height=\"676\" srcset=\"https:\/\/i0.wp.com\/manda-motorhome-tours.com\/wp-content\/uploads\/2020\/03\/Euro-Scheine-19-9.jpg?w=1920&amp;ssl=1 1920w, https:\/\/i0.wp.com\/manda-motorhome-tours.com\/wp-content\/uploads\/2020\/03\/Euro-Scheine-19-9.jpg?resize=300%2C169&amp;ssl=1 300w, https:\/\/i0.wp.com\/manda-motorhome-tours.com\/wp-content\/uploads\/2020\/03\/Euro-Scheine-19-9.jpg?resize=1024%2C577&amp;ssl=1 1024w, https:\/\/i0.wp.com\/manda-motorhome-tours.com\/wp-content\/uploads\/2020\/03\/Euro-Scheine-19-9.jpg?resize=768%2C432&amp;ssl=1 768w, https:\/\/i0.wp.com\/manda-motorhome-tours.com\/wp-content\/uploads\/2020\/03\/Euro-Scheine-19-9.jpg?resize=1536%2C865&amp;ssl=1 1536w\" sizes=\"auto, (max-width: 1200px) 100vw, 1200px\" \/><\/a><\/h1>\n<p>&nbsp;<\/p>\n<p>&nbsp;<\/p>\n<h1><strong><span class=\"diyfeDecoration\">Wie wir ihr Geld absichern<\/span><\/strong><\/h1>\n<p>Ihre Zahlungen an uns sind durch eine Insolvenzversicherung, gem\u00e4\u00df \u00a7 651r des B\u00fcrgerlichen Gesetzbuchs,\u00a0bei der R+V Allgemeine Versicherungs AG abgesichert.<\/p>\n<p>Bei der Buchung senden wir ihnen einen Sicherungsschein f\u00fcr Pauschalreisen der R+V. Aufgrund dieses Sicherungsscheins steht dem Reisenden im Falle einer Insolvenz des Reiseveranstalters (MandA Tours) gegen\u00fcber dem Kundengeldabsicherer (R+V Allgemeine Versicherungs AG) unter den gesetzlichen Voraussetzungen ein unmittelbarer Anspruch im Sinne des \u00a7 651r Absatz 4 des B\u00fcrgerlichen Gesetzbuchs zu.<\/p>\n<p>Die\u00a0<a href=\"http:\/\/www.ruv.de\">R+V Allgemeine Versicherungs AG<\/a> ist eine der gr\u00f6\u00dften Versicherungsgesellschaften in Deutschland (www.ruv.de).<\/p>\n<p>Bei R\u00fcckfragen wenden Sie sich an uns oder an:<\/p>\n<p>R+V Allgemeine Versicherungs AG<img data-recalc-dims=\"1\" loading=\"lazy\" decoding=\"async\" data-attachment-id=\"147\" data-permalink=\"https:\/\/manda-motorhome-tours.com\/de\/secured-payment-certificate\/ruv_1143_spempel\/\" data-orig-file=\"https:\/\/i0.wp.com\/manda-motorhome-tours.com\/wp-content\/uploads\/2016\/06\/G%C3%BCtesiegel-RuV_1143_Stempel_blau1.jpg?fit=1129%2C1129&amp;ssl=1\" data-orig-size=\"1129,1129\" data-comments-opened=\"1\" data-image-meta=\"{&quot;aperture&quot;:&quot;0&quot;,&quot;credit&quot;:&quot;&quot;,&quot;camera&quot;:&quot;&quot;,&quot;caption&quot;:&quot;&quot;,&quot;created_timestamp&quot;:&quot;1329082781&quot;,&quot;copyright&quot;:&quot;&quot;,&quot;focal_length&quot;:&quot;0&quot;,&quot;iso&quot;:&quot;0&quot;,&quot;shutter_speed&quot;:&quot;0&quot;,&quot;title&quot;:&quot;RuV_1143_Spempel&quot;,&quot;orientation&quot;:&quot;1&quot;}\" data-image-title=\"RuV Secured Payment Certificate\" data-image-description=\"&lt;p&gt;Secured Payment Certificate&lt;\/p&gt;\n\" data-image-caption=\"&lt;p&gt;Secured Payment Certificate&lt;\/p&gt;\n\" data-large-file=\"https:\/\/i0.wp.com\/manda-motorhome-tours.com\/wp-content\/uploads\/2016\/06\/G%C3%BCtesiegel-RuV_1143_Stempel_blau1.jpg?fit=1024%2C1024&amp;ssl=1\" class=\"wp-image-147 alignleft\" src=\"https:\/\/i0.wp.com\/manda-motorhome-tours.com\/wp-content\/uploads\/2016\/06\/G%C3%BCtesiegel-RuV_1143_Stempel_blau1.jpg?resize=133%2C133&#038;ssl=1\" alt=\"Secured Payment Certificate\" width=\"133\" height=\"133\" srcset=\"https:\/\/i0.wp.com\/manda-motorhome-tours.com\/wp-content\/uploads\/2016\/06\/G%C3%BCtesiegel-RuV_1143_Stempel_blau1.jpg?resize=150%2C150&amp;ssl=1 150w, https:\/\/i0.wp.com\/manda-motorhome-tours.com\/wp-content\/uploads\/2016\/06\/G%C3%BCtesiegel-RuV_1143_Stempel_blau1.jpg?resize=300%2C300&amp;ssl=1 300w, https:\/\/i0.wp.com\/manda-motorhome-tours.com\/wp-content\/uploads\/2016\/06\/G%C3%BCtesiegel-RuV_1143_Stempel_blau1.jpg?resize=768%2C768&amp;ssl=1 768w, https:\/\/i0.wp.com\/manda-motorhome-tours.com\/wp-content\/uploads\/2016\/06\/G%C3%BCtesiegel-RuV_1143_Stempel_blau1.jpg?resize=1024%2C1024&amp;ssl=1 1024w, https:\/\/i0.wp.com\/manda-motorhome-tours.com\/wp-content\/uploads\/2016\/06\/G%C3%BCtesiegel-RuV_1143_Stempel_blau1.jpg?resize=250%2C250&amp;ssl=1 250w, https:\/\/i0.wp.com\/manda-motorhome-tours.com\/wp-content\/uploads\/2016\/06\/G%C3%BCtesiegel-RuV_1143_Stempel_blau1.jpg?resize=174%2C174&amp;ssl=1 174w, https:\/\/i0.wp.com\/manda-motorhome-tours.com\/wp-content\/uploads\/2016\/06\/G%C3%BCtesiegel-RuV_1143_Stempel_blau1.jpg?w=1129&amp;ssl=1 1129w\" sizes=\"auto, (max-width: 133px) 100vw, 133px\" \/><br \/>\nRaiffeisenplatz 1<br \/>\n65189 Wiesbaden<br \/>\nDeutschland<br \/>\nTelephone: +49 611 533 5859<br \/>\nFax: +49 611 533 4500<\/p>\n","protected":false},"excerpt":{"rendered":"<p>&nbsp; &nbsp; Wie wir ihr Geld absichern Ihre Zahlungen an uns sind durch eine Insolvenzversicherung, gem\u00e4\u00df \u00a7 651r des B\u00fcrgerlichen Gesetzbuchs,\u00a0bei der R+V Allgemeine Versicherungs AG abgesichert. Bei der Buchung senden wir ihnen einen Sicherungsschein f\u00fcr Pauschalreisen der R+V. Aufgrund dieses Sicherungsscheins steht dem Reisenden im Falle einer Insolvenz des Reiseveranstalters (MandA Tours) gegen\u00fcber dem&hellip;&nbsp;<a href=\"https:\/\/manda-motorhome-tours.com\/de\/secured-payment-certificate\/\" rel=\"bookmark\">Weiterlesen &raquo;<span class=\"screen-reader-text\">Finanzielle Absicherung<\/span><\/a><\/p>\n","protected":false},"author":1,"featured_media":239941,"parent":0,"menu_order":0,"comment_status":"closed","ping_status":"closed","template":"","meta":{"neve_meta_sidebar":"","neve_meta_container":"","neve_meta_enable_content_width":"off","neve_meta_content_width":0,"neve_meta_title_alignment":"","neve_meta_author_avatar":"","neve_post_elements_order":"","neve_meta_disable_header":"","neve_meta_disable_footer":"","neve_meta_disable_title":"","jetpack_post_was_ever_published":false,"footnotes":""},"class_list":["post-143","page","type-page","status-publish","has-post-thumbnail","hentry"],"translation":{"provider":"WPGlobus","version":"3.0.2","language":"de","enabled_languages":["en","de"],"languages":{"en":{"title":true,"content":true,"excerpt":false},"de":{"title":true,"content":true,"excerpt":false}}},"yoast_head":"<!-- This site is optimized with the Yoast SEO plugin v27.3 - https:\/\/yoast.com\/product\/yoast-seo-wordpress\/ -->\n<title>Finanzielle Absicherung - MandA Tours - Gef\u00fchrte Wohnmobil Reisen<\/title>\n<meta name=\"description\" content=\"Ihre Zahlungen an uns sind durch eine Insolvenzversicherung, gem\u00e4\u00df \u00a7 651r des BGBs,\u00a0bei der R+V Allgemeine Versicherungs AG abgesichert.\" \/>\n<meta name=\"robots\" content=\"index, follow, max-snippet:-1, max-image-preview:large, max-video-preview:-1\" \/>\n<link rel=\"canonical\" href=\"https:\/\/manda-motorhome-tours.com\/secured-payment-certificate\/\" \/>\n<meta property=\"og:locale\" content=\"de_DE\" \/>\n<meta property=\"og:type\" content=\"article\" \/>\n<meta property=\"og:title\" content=\"Finanzielle Absicherung - MandA Tours - Gef\u00fchrte Wohnmobil Reisen\" \/>\n<meta property=\"og:description\" content=\"Ihre Zahlungen an uns sind durch eine Insolvenzversicherung, gem\u00e4\u00df \u00a7 651r des BGBs,\u00a0bei der R+V Allgemeine Versicherungs AG abgesichert.\" \/>\n<meta property=\"og:url\" content=\"https:\/\/manda-motorhome-tours.com\/secured-payment-certificate\/\" \/>\n<meta property=\"og:site_name\" content=\"MandA Tours - Gef\u00fchrte Wohnmobil Reisen\" \/>\n<meta property=\"article:publisher\" content=\"https:\/\/www.facebook.com\/MandAMotorhomeTours\/\" \/>\n<meta property=\"article:modified_time\" content=\"2020-10-01T15:41:35+00:00\" \/>\n<meta property=\"og:image\" content=\"https:\/\/i1.wp.com\/manda-motorhome-tours.com\/wp-content\/uploads\/2020\/03\/Euro-Scheine-19-9.jpg?fit=1920%2C1081&ssl=1\" \/>\n\t<meta property=\"og:image:width\" content=\"1920\" \/>\n\t<meta property=\"og:image:height\" content=\"1081\" \/>\n\t<meta property=\"og:image:type\" content=\"image\/jpeg\" \/>\n<meta name=\"twitter:card\" content=\"summary_large_image\" \/>\n<meta name=\"twitter:label1\" content=\"Gesch\u00e4tzte Lesezeit\" \/>\n\t<meta name=\"twitter:data1\" content=\"1\u00a0Minute\" \/>\n<script type=\"application\/ld+json\" class=\"yoast-schema-graph\">{\"@context\":\"https:\\\/\\\/schema.org\",\"@graph\":[{\"@type\":\"WebPage\",\"@id\":\"https:\\\/\\\/manda-motorhome-tours.com\\\/secured-payment-certificate\\\/\",\"url\":\"https:\\\/\\\/manda-motorhome-tours.com\\\/secured-payment-certificate\\\/\",\"name\":\"Finanzielle Absicherung - MandA Tours - Gef\u00fchrte Wohnmobil Reisen\",\"isPartOf\":{\"@id\":\"https:\\\/\\\/manda-motorhome-tours.com\\\/#website\"},\"primaryImageOfPage\":{\"@id\":\"https:\\\/\\\/manda-motorhome-tours.com\\\/secured-payment-certificate\\\/#primaryimage\"},\"image\":{\"@id\":\"https:\\\/\\\/manda-motorhome-tours.com\\\/secured-payment-certificate\\\/#primaryimage\"},\"thumbnailUrl\":\"https:\\\/\\\/i0.wp.com\\\/manda-motorhome-tours.com\\\/wp-content\\\/uploads\\\/2020\\\/03\\\/Euro-Scheine-19-9.jpg?fit=1920%2C1081&ssl=1\",\"datePublished\":\"2016-06-26T10:39:10+00:00\",\"dateModified\":\"2020-10-01T15:41:35+00:00\",\"description\":\"Ihre Zahlungen an uns sind durch eine Insolvenzversicherung, gem\u00e4\u00df \u00a7 651r des BGBs,\u00a0bei der R+V Allgemeine Versicherungs AG abgesichert.\",\"breadcrumb\":{\"@id\":\"https:\\\/\\\/manda-motorhome-tours.com\\\/secured-payment-certificate\\\/#breadcrumb\"},\"inLanguage\":\"de\",\"potentialAction\":[{\"@type\":\"ReadAction\",\"target\":[\"https:\\\/\\\/manda-motorhome-tours.com\\\/secured-payment-certificate\\\/\"]}]},{\"@type\":\"ImageObject\",\"inLanguage\":\"de\",\"@id\":\"https:\\\/\\\/manda-motorhome-tours.com\\\/secured-payment-certificate\\\/#primaryimage\",\"url\":\"https:\\\/\\\/i0.wp.com\\\/manda-motorhome-tours.com\\\/wp-content\\\/uploads\\\/2020\\\/03\\\/Euro-Scheine-19-9.jpg?fit=1920%2C1081&ssl=1\",\"contentUrl\":\"https:\\\/\\\/i0.wp.com\\\/manda-motorhome-tours.com\\\/wp-content\\\/uploads\\\/2020\\\/03\\\/Euro-Scheine-19-9.jpg?fit=1920%2C1081&ssl=1\",\"width\":1920,\"height\":1081,\"caption\":\"Euro bills\"},{\"@type\":\"BreadcrumbList\",\"@id\":\"https:\\\/\\\/manda-motorhome-tours.com\\\/secured-payment-certificate\\\/#breadcrumb\",\"itemListElement\":[{\"@type\":\"ListItem\",\"position\":1,\"name\":\"Home\",\"item\":\"https:\\\/\\\/manda-motorhome-tours.com\\\/\"},{\"@type\":\"ListItem\",\"position\":2,\"name\":\"Financial Protection\"}]},{\"@type\":\"WebSite\",\"@id\":\"https:\\\/\\\/manda-motorhome-tours.com\\\/#website\",\"url\":\"https:\\\/\\\/manda-motorhome-tours.com\\\/\",\"name\":\"MandA Tours - Gef\u00fchrte Wohnmobil Reisen\",\"description\":\"MandA Tours bietet gef\u00fchrte Wohnmobilreisen zu ausgew\u00e4hlten Zielen innerhalb Europas an. Reisen Sie mit uns in die malerischsten Gegenden von Europa und erleben Sie Ihre unvergessliche Traumreise. Wir k\u00fcmmern uns darum, dass Sie sorgenfrei und ohne Planungsaufwand die sch\u00f6nsten St\u00e4dte und Landschaften der Region erleben und an ausgesuchten Events teilnehmen k\u00f6nnen\",\"publisher\":{\"@id\":\"https:\\\/\\\/manda-motorhome-tours.com\\\/#organization\"},\"potentialAction\":[{\"@type\":\"SearchAction\",\"target\":{\"@type\":\"EntryPoint\",\"urlTemplate\":\"https:\\\/\\\/manda-motorhome-tours.com\\\/?s={search_term_string}\"},\"query-input\":{\"@type\":\"PropertyValueSpecification\",\"valueRequired\":true,\"valueName\":\"search_term_string\"}}],\"inLanguage\":\"de\"},{\"@type\":\"Organization\",\"@id\":\"https:\\\/\\\/manda-motorhome-tours.com\\\/#organization\",\"name\":\"MandA Tours - Gef\u00fchrte Wohnmobil Reisen\",\"url\":\"https:\\\/\\\/manda-motorhome-tours.com\\\/\",\"logo\":{\"@type\":\"ImageObject\",\"inLanguage\":\"de\",\"@id\":\"https:\\\/\\\/manda-motorhome-tours.com\\\/#\\\/schema\\\/logo\\\/image\\\/\",\"url\":\"https:\\\/\\\/i0.wp.com\\\/manda-motorhome-tours.com\\\/wp-content\\\/uploads\\\/2019\\\/11\\\/MT_Logo_ohneClaim_3-18.jpg?fit=1593%2C655&ssl=1\",\"contentUrl\":\"https:\\\/\\\/i0.wp.com\\\/manda-motorhome-tours.com\\\/wp-content\\\/uploads\\\/2019\\\/11\\\/MT_Logo_ohneClaim_3-18.jpg?fit=1593%2C655&ssl=1\",\"width\":1593,\"height\":655,\"caption\":\"MandA Tours - Gef\u00fchrte Wohnmobil Reisen\"},\"image\":{\"@id\":\"https:\\\/\\\/manda-motorhome-tours.com\\\/#\\\/schema\\\/logo\\\/image\\\/\"},\"sameAs\":[\"https:\\\/\\\/www.facebook.com\\\/MandAMotorhomeTours\\\/\"]}]}<\/script>\n<!-- \/ Yoast SEO plugin. -->","yoast_head_json":{"title":"Finanzielle Absicherung - MandA Tours - Gef\u00fchrte Wohnmobil Reisen","description":"Ihre Zahlungen an uns sind durch eine Insolvenzversicherung, gem\u00e4\u00df \u00a7 651r des BGBs,\u00a0bei der R+V Allgemeine Versicherungs AG abgesichert.","robots":{"index":"index","follow":"follow","max-snippet":"max-snippet:-1","max-image-preview":"max-image-preview:large","max-video-preview":"max-video-preview:-1"},"canonical":"https:\/\/manda-motorhome-tours.com\/secured-payment-certificate\/","og_locale":"de_DE","og_type":"article","og_title":"Finanzielle Absicherung - MandA Tours - Gef\u00fchrte Wohnmobil Reisen","og_description":"Ihre Zahlungen an uns sind durch eine Insolvenzversicherung, gem\u00e4\u00df \u00a7 651r des BGBs,\u00a0bei der R+V Allgemeine Versicherungs AG abgesichert.","og_url":"https:\/\/manda-motorhome-tours.com\/secured-payment-certificate\/","og_site_name":"MandA Tours - Gef\u00fchrte Wohnmobil Reisen","article_publisher":"https:\/\/www.facebook.com\/MandAMotorhomeTours\/","article_modified_time":"2020-10-01T15:41:35+00:00","og_image":[{"width":1920,"height":1081,"url":"https:\/\/i1.wp.com\/manda-motorhome-tours.com\/wp-content\/uploads\/2020\/03\/Euro-Scheine-19-9.jpg?fit=1920%2C1081&ssl=1","type":"image\/jpeg"}],"twitter_card":"summary_large_image","twitter_misc":{"Gesch\u00e4tzte Lesezeit":"1\u00a0Minute"},"schema":{"@context":"https:\/\/schema.org","@graph":[{"@type":"WebPage","@id":"https:\/\/manda-motorhome-tours.com\/secured-payment-certificate\/","url":"https:\/\/manda-motorhome-tours.com\/secured-payment-certificate\/","name":"Finanzielle Absicherung - MandA Tours - Gef\u00fchrte Wohnmobil Reisen","isPartOf":{"@id":"https:\/\/manda-motorhome-tours.com\/#website"},"primaryImageOfPage":{"@id":"https:\/\/manda-motorhome-tours.com\/secured-payment-certificate\/#primaryimage"},"image":{"@id":"https:\/\/manda-motorhome-tours.com\/secured-payment-certificate\/#primaryimage"},"thumbnailUrl":"https:\/\/i0.wp.com\/manda-motorhome-tours.com\/wp-content\/uploads\/2020\/03\/Euro-Scheine-19-9.jpg?fit=1920%2C1081&ssl=1","datePublished":"2016-06-26T10:39:10+00:00","dateModified":"2020-10-01T15:41:35+00:00","description":"Ihre Zahlungen an uns sind durch eine Insolvenzversicherung, gem\u00e4\u00df \u00a7 651r des BGBs,\u00a0bei der R+V Allgemeine Versicherungs AG abgesichert.","breadcrumb":{"@id":"https:\/\/manda-motorhome-tours.com\/secured-payment-certificate\/#breadcrumb"},"inLanguage":"de","potentialAction":[{"@type":"ReadAction","target":["https:\/\/manda-motorhome-tours.com\/secured-payment-certificate\/"]}]},{"@type":"ImageObject","inLanguage":"de","@id":"https:\/\/manda-motorhome-tours.com\/secured-payment-certificate\/#primaryimage","url":"https:\/\/i0.wp.com\/manda-motorhome-tours.com\/wp-content\/uploads\/2020\/03\/Euro-Scheine-19-9.jpg?fit=1920%2C1081&ssl=1","contentUrl":"https:\/\/i0.wp.com\/manda-motorhome-tours.com\/wp-content\/uploads\/2020\/03\/Euro-Scheine-19-9.jpg?fit=1920%2C1081&ssl=1","width":1920,"height":1081,"caption":"Euro bills"},{"@type":"BreadcrumbList","@id":"https:\/\/manda-motorhome-tours.com\/secured-payment-certificate\/#breadcrumb","itemListElement":[{"@type":"ListItem","position":1,"name":"Home","item":"https:\/\/manda-motorhome-tours.com\/"},{"@type":"ListItem","position":2,"name":"Financial Protection"}]},{"@type":"WebSite","@id":"https:\/\/manda-motorhome-tours.com\/#website","url":"https:\/\/manda-motorhome-tours.com\/","name":"MandA Tours - Gef\u00fchrte Wohnmobil Reisen","description":"MandA Tours bietet gef\u00fchrte Wohnmobilreisen zu ausgew\u00e4hlten Zielen innerhalb Europas an. Reisen Sie mit uns in die malerischsten Gegenden von Europa und erleben Sie Ihre unvergessliche Traumreise. Wir k\u00fcmmern uns darum, dass Sie sorgenfrei und ohne Planungsaufwand die sch\u00f6nsten St\u00e4dte und Landschaften der Region erleben und an ausgesuchten Events teilnehmen k\u00f6nnen","publisher":{"@id":"https:\/\/manda-motorhome-tours.com\/#organization"},"potentialAction":[{"@type":"SearchAction","target":{"@type":"EntryPoint","urlTemplate":"https:\/\/manda-motorhome-tours.com\/?s={search_term_string}"},"query-input":{"@type":"PropertyValueSpecification","valueRequired":true,"valueName":"search_term_string"}}],"inLanguage":"de"},{"@type":"Organization","@id":"https:\/\/manda-motorhome-tours.com\/#organization","name":"MandA Tours - Gef\u00fchrte Wohnmobil Reisen","url":"https:\/\/manda-motorhome-tours.com\/","logo":{"@type":"ImageObject","inLanguage":"de","@id":"https:\/\/manda-motorhome-tours.com\/#\/schema\/logo\/image\/","url":"https:\/\/i0.wp.com\/manda-motorhome-tours.com\/wp-content\/uploads\/2019\/11\/MT_Logo_ohneClaim_3-18.jpg?fit=1593%2C655&ssl=1","contentUrl":"https:\/\/i0.wp.com\/manda-motorhome-tours.com\/wp-content\/uploads\/2019\/11\/MT_Logo_ohneClaim_3-18.jpg?fit=1593%2C655&ssl=1","width":1593,"height":655,"caption":"MandA Tours - Gef\u00fchrte Wohnmobil Reisen"},"image":{"@id":"https:\/\/manda-motorhome-tours.com\/#\/schema\/logo\/image\/"},"sameAs":["https:\/\/www.facebook.com\/MandAMotorhomeTours\/"]}]}},"jetpack_shortlink":"https:\/\/wp.me\/P7FFB3-2j","jetpack-related-posts":[{"id":203,"url":"https:\/\/manda-motorhome-tours.com\/de\/booking\/","url_meta":{"origin":143,"position":0},"title":"Reiseanmeldung","author":"admin","date":"3. Juli 2016","format":false,"excerpt":"{:en}How to book your tour If you would like to book your motorhome tour online to secure your place in a fast and easy way, please fill in the green Online Booking Form below. Further details to complete your booking will be needed afterwards. To secure your place on a\u2026","rel":"","context":"\u00c4hnlicher Beitrag","block_context":{"text":"\u00c4hnlicher Beitrag","link":""},"img":{"alt_text":"","src":"","width":0,"height":0},"classes":[]},{"id":133,"url":"https:\/\/manda-motorhome-tours.com\/de\/general-terms-and-conditions\/","url_meta":{"origin":143,"position":1},"title":"Allgemeine Gesch\u00e4ftsbedingungen","author":"admin","date":"26. Juni 2016","format":false,"excerpt":"{:en} General Terms and Conditions (GTCs) MandA Tours - Michael und A. Hirschh\u00e4user GbR Hereinafter MANDA TOURS 1.\u00a0\u00a0 \u00a0Conclusion of Contract With the booking form you are entering into a binding travel contract with MANDA TOURS. The contract will be binding for MANDA TOURS once MANDA TOURS has confirmed the\u2026","rel":"","context":"\u00c4hnlicher Beitrag","block_context":{"text":"\u00c4hnlicher Beitrag","link":""},"img":{"alt_text":"","src":"","width":0,"height":0},"classes":[]},{"id":555,"url":"https:\/\/manda-motorhome-tours.com\/de\/why-travel-with-us\/","url_meta":{"origin":143,"position":2},"title":"Warum mit uns reisen","author":"admin","date":"7. August 2016","format":false,"excerpt":"{:en}WHY TRAVEL WITH US We offer escorted but flexible motorhome tours We will be with you for the whole tour. We reserve the overnight stops on selected campsites and book special highlights well in advance. We plan the itinerary, provide you with a detailed road book, maps and give tips\u2026","rel":"","context":"\u00c4hnlicher Beitrag","block_context":{"text":"\u00c4hnlicher Beitrag","link":""},"img":{"alt_text":"MandA Tours European Motorhome Tour: Picturesque Provence: Ard\u00e8che","src":"https:\/\/i0.wp.com\/manda-motorhome-tours.com\/wp-content\/uploads\/2016\/08\/DSC_0852.jpg?fit=1200%2C806&ssl=1&resize=350%2C200","width":350,"height":200,"srcset":"https:\/\/i0.wp.com\/manda-motorhome-tours.com\/wp-content\/uploads\/2016\/08\/DSC_0852.jpg?fit=1200%2C806&ssl=1&resize=350%2C200 1x, https:\/\/i0.wp.com\/manda-motorhome-tours.com\/wp-content\/uploads\/2016\/08\/DSC_0852.jpg?fit=1200%2C806&ssl=1&resize=525%2C300 1.5x, https:\/\/i0.wp.com\/manda-motorhome-tours.com\/wp-content\/uploads\/2016\/08\/DSC_0852.jpg?fit=1200%2C806&ssl=1&resize=700%2C400 2x, https:\/\/i0.wp.com\/manda-motorhome-tours.com\/wp-content\/uploads\/2016\/08\/DSC_0852.jpg?fit=1200%2C806&ssl=1&resize=1050%2C600 3x"},"classes":[]},{"id":240500,"url":"https:\/\/manda-motorhome-tours.com\/de\/readers-letters\/","url_meta":{"origin":143,"position":3},"title":"Readers Letters","author":"admin","date":"7. April 2020","format":false,"excerpt":"Readers Letters Some of our customers have written to the motorhome magazines to share their experience. We have added 3 readers letters on this page (click on the picture to see a larger version of the letter). Readers letter \"Escorted around Germany\" on our Majestic Rhine & Moselle Rivers tour\u2026","rel":"","context":"\u00c4hnlicher Beitrag","block_context":{"text":"\u00c4hnlicher Beitrag","link":""},"img":{"alt_text":"Photo readers letter Majestic Rhine & Moselle Rivers tour 2016, as published in the November 2016 issue of MMM","src":"https:\/\/i0.wp.com\/manda-motorhome-tours.com\/wp-content\/uploads\/2018\/08\/Photo-readers-letter-Majestic-Rhine-Moselle-Rivers-tour-2016-as-published-in-the-November-2016-issue-of-MMM.png?resize=350%2C200&ssl=1","width":350,"height":200,"srcset":"https:\/\/i0.wp.com\/manda-motorhome-tours.com\/wp-content\/uploads\/2018\/08\/Photo-readers-letter-Majestic-Rhine-Moselle-Rivers-tour-2016-as-published-in-the-November-2016-issue-of-MMM.png?resize=350%2C200&ssl=1 1x, https:\/\/i0.wp.com\/manda-motorhome-tours.com\/wp-content\/uploads\/2018\/08\/Photo-readers-letter-Majestic-Rhine-Moselle-Rivers-tour-2016-as-published-in-the-November-2016-issue-of-MMM.png?resize=525%2C300&ssl=1 1.5x"},"classes":[]},{"id":174,"url":"https:\/\/manda-motorhome-tours.com\/de\/links\/","url_meta":{"origin":143,"position":4},"title":"Links","author":"admin","date":"26. Juni 2016","format":false,"excerpt":"Useful links for motorhome travel in Europe On this page we have collected for you some useful links on motorhome travel in Europe. \u00a0 COOPERATION PARTNERS of MandA Tours FREEONTOUR\u00a0- is a free travel portal of the Hymer Group with campsite and Stellplatz guides, route planner, outdoor tours, logbooks, travel\u2026","rel":"","context":"\u00c4hnlicher Beitrag","block_context":{"text":"\u00c4hnlicher Beitrag","link":""},"img":{"alt_text":"","src":"https:\/\/i0.wp.com\/manda-motorhome-tours.com\/wp-content\/uploads\/2016\/06\/Promobil.jpg?resize=350%2C200&ssl=1","width":350,"height":200,"srcset":"https:\/\/i0.wp.com\/manda-motorhome-tours.com\/wp-content\/uploads\/2016\/06\/Promobil.jpg?resize=350%2C200&ssl=1 1x, https:\/\/i0.wp.com\/manda-motorhome-tours.com\/wp-content\/uploads\/2016\/06\/Promobil.jpg?resize=525%2C300&ssl=1 1.5x, https:\/\/i0.wp.com\/manda-motorhome-tours.com\/wp-content\/uploads\/2016\/06\/Promobil.jpg?resize=700%2C400&ssl=1 2x"},"classes":[]},{"id":2203,"url":"https:\/\/manda-motorhome-tours.com\/de\/contact\/","url_meta":{"origin":143,"position":5},"title":"Kontakt","author":"admin","date":"13. M\u00e4rz 2017","format":false,"excerpt":"{:en} CONTACT US \u00a0 \u00a0 If you have any questions or require further information please do not hesitate to contact us. Use the following contact form, send us an e-mail or just give us a call.We look forward to hearing from you. \u00a0 MandA Tours - Michael und A. Hirschh\u00e4user\u2026","rel":"","context":"\u00c4hnlicher Beitrag","block_context":{"text":"\u00c4hnlicher Beitrag","link":""},"img":{"alt_text":"Tourist Information Contact","src":"https:\/\/i0.wp.com\/manda-motorhome-tours.com\/wp-content\/uploads\/2020\/03\/Tourist-Information-contact-16-9.jpg?fit=1200%2C676&ssl=1&resize=350%2C200","width":350,"height":200,"srcset":"https:\/\/i0.wp.com\/manda-motorhome-tours.com\/wp-content\/uploads\/2020\/03\/Tourist-Information-contact-16-9.jpg?fit=1200%2C676&ssl=1&resize=350%2C200 1x, https:\/\/i0.wp.com\/manda-motorhome-tours.com\/wp-content\/uploads\/2020\/03\/Tourist-Information-contact-16-9.jpg?fit=1200%2C676&ssl=1&resize=525%2C300 1.5x, https:\/\/i0.wp.com\/manda-motorhome-tours.com\/wp-content\/uploads\/2020\/03\/Tourist-Information-contact-16-9.jpg?fit=1200%2C676&ssl=1&resize=700%2C400 2x, https:\/\/i0.wp.com\/manda-motorhome-tours.com\/wp-content\/uploads\/2020\/03\/Tourist-Information-contact-16-9.jpg?fit=1200%2C676&ssl=1&resize=1050%2C600 3x"},"classes":[]}],"jetpack_sharing_enabled":true,"_links":{"self":[{"href":"https:\/\/manda-motorhome-tours.com\/de\/wp-json\/wp\/v2\/pages\/143","targetHints":{"allow":["GET"]}}],"collection":[{"href":"https:\/\/manda-motorhome-tours.com\/de\/wp-json\/wp\/v2\/pages"}],"about":[{"href":"https:\/\/manda-motorhome-tours.com\/de\/wp-json\/wp\/v2\/types\/page"}],"author":[{"embeddable":true,"href":"https:\/\/manda-motorhome-tours.com\/de\/wp-json\/wp\/v2\/users\/1"}],"replies":[{"embeddable":true,"href":"https:\/\/manda-motorhome-tours.com\/de\/wp-json\/wp\/v2\/comments?post=143"}],"version-history":[{"count":14,"href":"https:\/\/manda-motorhome-tours.com\/de\/wp-json\/wp\/v2\/pages\/143\/revisions"}],"predecessor-version":[{"id":239940,"href":"https:\/\/manda-motorhome-tours.com\/de\/wp-json\/wp\/v2\/pages\/143\/revisions\/239940"}],"wp:featuredmedia":[{"embeddable":true,"href":"https:\/\/manda-motorhome-tours.com\/de\/wp-json\/wp\/v2\/media\/239941"}],"wp:attachment":[{"href":"https:\/\/manda-motorhome-tours.com\/de\/wp-json\/wp\/v2\/media?parent=143"}],"curies":[{"name":"wp","href":"https:\/\/api.w.org\/{rel}","templated":true}]}}