{"id":203,"date":"2016-07-03T15:52:23","date_gmt":"2016-07-03T13:52:23","guid":{"rendered":"http:\/\/www.manda-motorhome-tours.com\/?page_id=203"},"modified":"2023-01-25T17:36:52","modified_gmt":"2023-01-25T16:36:52","slug":"booking","status":"publish","type":"page","link":"https:\/\/manda-motorhome-tours.com\/de\/booking\/","title":{"rendered":"Reiseanmeldung"},"content":{"rendered":"<h1 style=\"text-align: center;\"><strong>REISEANMELDUNG<\/strong><\/h1>\n<div>\n<p>Um Ihre Reise schnell zu buchen, f\u00fcllen Sie einfach unten das gr\u00fcne Online Anmeldeformular aus. Um Ihre Buchung zu vervollst\u00e4ndigen ben\u00f6tigen wir sp\u00e4ter noch weitere Details von Ihnen.<\/p>\n<\/div>\n<div>\n<p>M\u00f6chten Sie Ihren Platz auf einer Reise lieber offline sichern, bitten wir Sie <a href=\"https:\/\/manda-motorhome-tours.com\/wp-content\/uploads\/2022\/11\/Reiseanmeldung-2023.pdf\">die zum Download angebotene Reiseanmeldung<\/a> ausgef\u00fcllt und unterschrieben an uns zu senden. Dies kann per E-Mail mit dem eingescannten Formular, oder auf postalischem Weg erfolgen. Gerne senden wir Ihnen auch per Post die Reiseanmeldung zu.<\/p>\n<\/div>\n<div>\n<p>Kunden, die bereits vorher mit uns gereist sind, m\u00fcssen nicht erneut die Reiseanmeldung ausf\u00fcllen, da wir alle Daten in unserer Kundendatenbank haben. In diesem Fall ist es ausreichend uns eine E-Mail mit dem Namen und Datum der gew\u00fcnschten Reise zu schicken. F\u00fcr den Fall, dass sich Ihre Daten ge\u00e4ndert haben, z.B. neuer Pass oder Wohnmobil, lassen Sie uns dies bitte wissen.<\/p>\n<\/div>\n<div>\n<p>\u00dcblicherweise ist sechs Wochen vor Reisebeginn Anmeldeschluss f\u00fcr die jeweilige Reise. Sollten jedoch noch Pl\u00e4tze frei sein, besteht unter Umst\u00e4nden die M\u00f6glichkeit einer kurzfristigeren Buchung. Kontaktieren Sie uns bitte.<\/p>\n<\/div>\n<div>\n<p>Sollte eine Reise ausgebucht sein, k\u00f6nnen Sie sich auf die Warteliste setzen lassen. Sollte ein Teilnehmer seine Teilnahme absagen, werden wir Sie in der Reihenfolge der Warteliste kontaktieren.<\/p>\n<\/div>\n<div>\n<p>Wir w\u00fcrden uns freuen, Sie auf einer unserer Touren willkommen zu hei\u00dfen.<\/p>\n<p>&nbsp;<\/p>\n<\/div>\n<div class=\"powr-order-form\">\n<div id=\"aa801f54_1472486750\" class=\"powr-order-form\">\n<p><script src=\"https:\/\/www.powr.io\/powr.js?platform=wordpress\"><\/script><\/p>\n<\/div>\n<\/div>\n<p>&nbsp;<\/p>\n<p><strong>Mit Ihrer Reiseanmeldung bieten Sie Michael und A. Hirschh\u00e4user GbR, nachfolgend MandA Tours den Abschluss des Reisevertrages verbindlich an. F\u00fcr MandA Tours wird der Reisevertrag verbindlich, wenn wir Ihnen die Buchung und den Reisepreis verbindlich best\u00e4tigen. Mit Zusendung der Rechnung und des Reisesicherungsscheins ist eine Anzahlung von 10% des Reisepreises zu leisten, welche auf den Gesamtpreis der Reise angerechnet wird. Die Zahlung der Restsumme muss sp\u00e4testens 60 Tage vor Reisebeginn erfolgt sein.<\/strong><br \/>\n<strong>Die <a href=\"https:\/\/manda-motorhome-tours.com\/de\/general-terms-and-conditions\">Allgemeinen Gesch\u00e4ftsbedingungen (AGBs)<\/a> sind Grundlage dieses Reisevertrages. Die Leistungen erfolgen ausschlie\u00dflich auf Grund dieser Gesch\u00e4ftsbedingungen. Ich habe die AGBs zur Kenntnis genommen und erkl\u00e4re mich damit einverstanden. Dieses Einverst\u00e4ndnis erkl\u00e4re ich hiermit auch uneingeschr\u00e4nkt namens und in Vollmacht f\u00fcr alle von mir angemeldeten Personen. Aufgrund des Urheberrechtsschutzes ist die Weitergabe oder Vervielf\u00e4ltigung der Reiseunterlagen nicht erlaubt, weder zu privaten noch zu kommerziellen Zwecken.<\/strong><\/p>\n","protected":false},"excerpt":{"rendered":"<p>REISEANMELDUNG Um Ihre Reise schnell zu buchen, f\u00fcllen Sie einfach unten das gr\u00fcne Online Anmeldeformular aus. Um Ihre Buchung zu vervollst\u00e4ndigen ben\u00f6tigen wir sp\u00e4ter noch weitere Details von Ihnen. M\u00f6chten Sie Ihren Platz auf einer Reise lieber offline sichern, bitten wir Sie die zum Download angebotene Reiseanmeldung ausgef\u00fcllt und unterschrieben an uns zu senden. Dies&hellip;&nbsp;<a href=\"https:\/\/manda-motorhome-tours.com\/de\/booking\/\" rel=\"bookmark\">Weiterlesen &raquo;<span class=\"screen-reader-text\">Reiseanmeldung<\/span><\/a><\/p>\n","protected":false},"author":1,"featured_media":0,"parent":0,"menu_order":0,"comment_status":"closed","ping_status":"closed","template":"","meta":{"neve_meta_sidebar":"","neve_meta_container":"","neve_meta_enable_content_width":"off","neve_meta_content_width":70,"neve_meta_title_alignment":"","neve_meta_author_avatar":"","neve_post_elements_order":"","neve_meta_disable_header":"","neve_meta_disable_footer":"","neve_meta_disable_title":"on","jetpack_post_was_ever_published":false,"footnotes":""},"class_list":["post-203","page","type-page","status-publish","hentry"],"translation":{"provider":"WPGlobus","version":"3.0.2","language":"de","enabled_languages":["en","de"],"languages":{"en":{"title":true,"content":true,"excerpt":false},"de":{"title":true,"content":true,"excerpt":false}}},"yoast_head":"<!-- This site is optimized with the Yoast SEO plugin v27.1.1 - https:\/\/yoast.com\/product\/yoast-seo-wordpress\/ -->\n<title>Reiseanmeldung - MandA Tours - Gef\u00fchrte Wohnmobil Reisen<\/title>\n<meta name=\"description\" content=\"Zur Buchung f\u00fcllen Sie einfach das Online Anmeldeformular aus, oder senden Sie uns die PDF der Reiseanmeldung zu.\" \/>\n<meta name=\"robots\" content=\"index, follow, max-snippet:-1, max-image-preview:large, max-video-preview:-1\" \/>\n<link rel=\"canonical\" href=\"https:\/\/manda-motorhome-tours.com\/booking\/\" \/>\n<meta property=\"og:locale\" content=\"de_DE\" \/>\n<meta property=\"og:type\" content=\"article\" \/>\n<meta property=\"og:title\" content=\"Reiseanmeldung - MandA Tours - Gef\u00fchrte Wohnmobil Reisen\" \/>\n<meta property=\"og:description\" content=\"Zur Buchung f\u00fcllen Sie einfach das Online Anmeldeformular aus, oder senden Sie uns die PDF der Reiseanmeldung zu.\" \/>\n<meta property=\"og:url\" content=\"https:\/\/manda-motorhome-tours.com\/booking\/\" \/>\n<meta property=\"og:site_name\" content=\"MandA Tours - Gef\u00fchrte Wohnmobil Reisen\" \/>\n<meta property=\"article:publisher\" content=\"https:\/\/www.facebook.com\/MandAMotorhomeTours\/\" \/>\n<meta property=\"article:modified_time\" content=\"2023-01-25T16:36:52+00:00\" \/>\n<meta name=\"twitter:card\" content=\"summary_large_image\" \/>\n<meta name=\"twitter:label1\" content=\"Gesch\u00e4tzte Lesezeit\" \/>\n\t<meta name=\"twitter:data1\" content=\"2\u00a0Minuten\" \/>\n<script type=\"application\/ld+json\" class=\"yoast-schema-graph\">{\"@context\":\"https:\/\/schema.org\",\"@graph\":[{\"@type\":\"WebPage\",\"@id\":\"https:\/\/manda-motorhome-tours.com\/booking\/\",\"url\":\"https:\/\/manda-motorhome-tours.com\/booking\/\",\"name\":\"Reiseanmeldung - MandA Tours - Gef\u00fchrte Wohnmobil Reisen\",\"isPartOf\":{\"@id\":\"https:\/\/manda-motorhome-tours.com\/#website\"},\"datePublished\":\"2016-07-03T13:52:23+00:00\",\"dateModified\":\"2023-01-25T16:36:52+00:00\",\"description\":\"Zur Buchung f\u00fcllen Sie einfach das Online Anmeldeformular aus, oder senden Sie uns die PDF der Reiseanmeldung zu.\",\"breadcrumb\":{\"@id\":\"https:\/\/manda-motorhome-tours.com\/booking\/#breadcrumb\"},\"inLanguage\":\"de\",\"potentialAction\":[{\"@type\":\"ReadAction\",\"target\":[\"https:\/\/manda-motorhome-tours.com\/booking\/\"]}]},{\"@type\":\"BreadcrumbList\",\"@id\":\"https:\/\/manda-motorhome-tours.com\/booking\/#breadcrumb\",\"itemListElement\":[{\"@type\":\"ListItem\",\"position\":1,\"name\":\"Home\",\"item\":\"https:\/\/manda-motorhome-tours.com\/\"},{\"@type\":\"ListItem\",\"position\":2,\"name\":\"Booking\"}]},{\"@type\":\"WebSite\",\"@id\":\"https:\/\/manda-motorhome-tours.com\/#website\",\"url\":\"https:\/\/manda-motorhome-tours.com\/\",\"name\":\"MandA Tours - Gef\u00fchrte Wohnmobil Reisen\",\"description\":\"MandA Tours bietet gef\u00fchrte Wohnmobilreisen zu ausgew\u00e4hlten Zielen innerhalb Europas an. Reisen Sie mit uns in die malerischsten Gegenden von Europa und erleben Sie Ihre unvergessliche Traumreise. Wir k\u00fcmmern uns darum, dass Sie sorgenfrei und ohne Planungsaufwand die sch\u00f6nsten St\u00e4dte und Landschaften der Region erleben und an ausgesuchten Events teilnehmen k\u00f6nnen\",\"publisher\":{\"@id\":\"https:\/\/manda-motorhome-tours.com\/#organization\"},\"potentialAction\":[{\"@type\":\"SearchAction\",\"target\":{\"@type\":\"EntryPoint\",\"urlTemplate\":\"https:\/\/manda-motorhome-tours.com\/?s={search_term_string}\"},\"query-input\":{\"@type\":\"PropertyValueSpecification\",\"valueRequired\":true,\"valueName\":\"search_term_string\"}}],\"inLanguage\":\"de\"},{\"@type\":\"Organization\",\"@id\":\"https:\/\/manda-motorhome-tours.com\/#organization\",\"name\":\"MandA Tours - Gef\u00fchrte Wohnmobil Reisen\",\"url\":\"https:\/\/manda-motorhome-tours.com\/\",\"logo\":{\"@type\":\"ImageObject\",\"inLanguage\":\"de\",\"@id\":\"https:\/\/manda-motorhome-tours.com\/#\/schema\/logo\/image\/\",\"url\":\"https:\/\/i0.wp.com\/manda-motorhome-tours.com\/wp-content\/uploads\/2019\/11\/MT_Logo_ohneClaim_3-18.jpg?fit=1593%2C655&ssl=1\",\"contentUrl\":\"https:\/\/i0.wp.com\/manda-motorhome-tours.com\/wp-content\/uploads\/2019\/11\/MT_Logo_ohneClaim_3-18.jpg?fit=1593%2C655&ssl=1\",\"width\":1593,\"height\":655,\"caption\":\"MandA Tours - Gef\u00fchrte Wohnmobil Reisen\"},\"image\":{\"@id\":\"https:\/\/manda-motorhome-tours.com\/#\/schema\/logo\/image\/\"},\"sameAs\":[\"https:\/\/www.facebook.com\/MandAMotorhomeTours\/\"]}]}<\/script>\n<!-- \/ Yoast SEO plugin. -->","yoast_head_json":{"title":"Reiseanmeldung - MandA Tours - Gef\u00fchrte Wohnmobil Reisen","description":"Zur Buchung f\u00fcllen Sie einfach das Online Anmeldeformular aus, oder senden Sie uns die PDF der Reiseanmeldung zu.","robots":{"index":"index","follow":"follow","max-snippet":"max-snippet:-1","max-image-preview":"max-image-preview:large","max-video-preview":"max-video-preview:-1"},"canonical":"https:\/\/manda-motorhome-tours.com\/booking\/","og_locale":"de_DE","og_type":"article","og_title":"Reiseanmeldung - MandA Tours - Gef\u00fchrte Wohnmobil Reisen","og_description":"Zur Buchung f\u00fcllen Sie einfach das Online Anmeldeformular aus, oder senden Sie uns die PDF der Reiseanmeldung zu.","og_url":"https:\/\/manda-motorhome-tours.com\/booking\/","og_site_name":"MandA Tours - Gef\u00fchrte Wohnmobil Reisen","article_publisher":"https:\/\/www.facebook.com\/MandAMotorhomeTours\/","article_modified_time":"2023-01-25T16:36:52+00:00","twitter_card":"summary_large_image","twitter_misc":{"Gesch\u00e4tzte Lesezeit":"2\u00a0Minuten"},"schema":{"@context":"https:\/\/schema.org","@graph":[{"@type":"WebPage","@id":"https:\/\/manda-motorhome-tours.com\/booking\/","url":"https:\/\/manda-motorhome-tours.com\/booking\/","name":"Reiseanmeldung - MandA Tours - Gef\u00fchrte Wohnmobil Reisen","isPartOf":{"@id":"https:\/\/manda-motorhome-tours.com\/#website"},"datePublished":"2016-07-03T13:52:23+00:00","dateModified":"2023-01-25T16:36:52+00:00","description":"Zur Buchung f\u00fcllen Sie einfach das Online Anmeldeformular aus, oder senden Sie uns die PDF der Reiseanmeldung zu.","breadcrumb":{"@id":"https:\/\/manda-motorhome-tours.com\/booking\/#breadcrumb"},"inLanguage":"de","potentialAction":[{"@type":"ReadAction","target":["https:\/\/manda-motorhome-tours.com\/booking\/"]}]},{"@type":"BreadcrumbList","@id":"https:\/\/manda-motorhome-tours.com\/booking\/#breadcrumb","itemListElement":[{"@type":"ListItem","position":1,"name":"Home","item":"https:\/\/manda-motorhome-tours.com\/"},{"@type":"ListItem","position":2,"name":"Booking"}]},{"@type":"WebSite","@id":"https:\/\/manda-motorhome-tours.com\/#website","url":"https:\/\/manda-motorhome-tours.com\/","name":"MandA Tours - Gef\u00fchrte Wohnmobil Reisen","description":"MandA Tours bietet gef\u00fchrte Wohnmobilreisen zu ausgew\u00e4hlten Zielen innerhalb Europas an. Reisen Sie mit uns in die malerischsten Gegenden von Europa und erleben Sie Ihre unvergessliche Traumreise. Wir k\u00fcmmern uns darum, dass Sie sorgenfrei und ohne Planungsaufwand die sch\u00f6nsten St\u00e4dte und Landschaften der Region erleben und an ausgesuchten Events teilnehmen k\u00f6nnen","publisher":{"@id":"https:\/\/manda-motorhome-tours.com\/#organization"},"potentialAction":[{"@type":"SearchAction","target":{"@type":"EntryPoint","urlTemplate":"https:\/\/manda-motorhome-tours.com\/?s={search_term_string}"},"query-input":{"@type":"PropertyValueSpecification","valueRequired":true,"valueName":"search_term_string"}}],"inLanguage":"de"},{"@type":"Organization","@id":"https:\/\/manda-motorhome-tours.com\/#organization","name":"MandA Tours - Gef\u00fchrte Wohnmobil Reisen","url":"https:\/\/manda-motorhome-tours.com\/","logo":{"@type":"ImageObject","inLanguage":"de","@id":"https:\/\/manda-motorhome-tours.com\/#\/schema\/logo\/image\/","url":"https:\/\/i0.wp.com\/manda-motorhome-tours.com\/wp-content\/uploads\/2019\/11\/MT_Logo_ohneClaim_3-18.jpg?fit=1593%2C655&ssl=1","contentUrl":"https:\/\/i0.wp.com\/manda-motorhome-tours.com\/wp-content\/uploads\/2019\/11\/MT_Logo_ohneClaim_3-18.jpg?fit=1593%2C655&ssl=1","width":1593,"height":655,"caption":"MandA Tours - Gef\u00fchrte Wohnmobil Reisen"},"image":{"@id":"https:\/\/manda-motorhome-tours.com\/#\/schema\/logo\/image\/"},"sameAs":["https:\/\/www.facebook.com\/MandAMotorhomeTours\/"]}]}},"jetpack_shortlink":"https:\/\/wp.me\/P7FFB3-3h","jetpack-related-posts":[{"id":6457,"url":"https:\/\/manda-motorhome-tours.com\/de\/exciting-eastern-germany\/","url_meta":{"origin":203,"position":0},"title":"Exciting Eastern Germany","author":"admin","date":"7. Juni 2018","format":false,"excerpt":"Escorted Motorhome TourEXCITING EASTERN GERMANY Impressions \"Exciting Eastern Germany\" tour 2019 Impressions \"Exciting Eastern Germany\" tour 2019 A punting boat trip through the Spreewald \u00a0 Touring Information Start: Potsdam near Berlin End: Erfurt\/Weimar Region Tour days: 14 Non-Driving days: 7 Max. daily mileage: 111 miles Total mileage: 368 miles Calais-Potsdam\u2026","rel":"","context":"\u00c4hnlicher Beitrag","block_context":{"text":"\u00c4hnlicher Beitrag","link":""},"img":{"alt_text":"","src":"https:\/\/i0.wp.com\/manda-motorhome-tours.com\/wp-content\/uploads\/2018\/06\/Tour-Flyer-Dresden-at-night.jpg?fit=1200%2C800&ssl=1&resize=350%2C200","width":350,"height":200,"srcset":"https:\/\/i0.wp.com\/manda-motorhome-tours.com\/wp-content\/uploads\/2018\/06\/Tour-Flyer-Dresden-at-night.jpg?fit=1200%2C800&ssl=1&resize=350%2C200 1x, https:\/\/i0.wp.com\/manda-motorhome-tours.com\/wp-content\/uploads\/2018\/06\/Tour-Flyer-Dresden-at-night.jpg?fit=1200%2C800&ssl=1&resize=525%2C300 1.5x, https:\/\/i0.wp.com\/manda-motorhome-tours.com\/wp-content\/uploads\/2018\/06\/Tour-Flyer-Dresden-at-night.jpg?fit=1200%2C800&ssl=1&resize=700%2C400 2x, https:\/\/i0.wp.com\/manda-motorhome-tours.com\/wp-content\/uploads\/2018\/06\/Tour-Flyer-Dresden-at-night.jpg?fit=1200%2C800&ssl=1&resize=1050%2C600 3x"},"classes":[]},{"id":233206,"url":"https:\/\/manda-motorhome-tours.com\/de\/delightful-danube\/","url_meta":{"origin":203,"position":1},"title":"Delightful Danube","author":"admin","date":"1. Mai 2019","format":false,"excerpt":"Escorted Motorhome TourDELIGHTFUL DANUBE \u00a0 Touring Information Start: Regensburg End: Vienna Tour days: 15 Non-Driving days: 10 Average daily milage: 71 miles Max. daily mileage: 88 miles Total mileage: 365 miles Calais- Passau: 659 miles Pets allowed Minimum number of units: 4 motorhomes Highlights Wine tasting and visit of a\u2026","rel":"","context":"\u00c4hnlicher Beitrag","block_context":{"text":"\u00c4hnlicher Beitrag","link":""},"img":{"alt_text":"Fiaker Hofburg Vienna","src":"https:\/\/i0.wp.com\/manda-motorhome-tours.com\/wp-content\/uploads\/2019\/03\/Fiaker-Hofburg-Wien-1544015_1920.jpg?fit=1200%2C800&ssl=1&resize=350%2C200","width":350,"height":200,"srcset":"https:\/\/i0.wp.com\/manda-motorhome-tours.com\/wp-content\/uploads\/2019\/03\/Fiaker-Hofburg-Wien-1544015_1920.jpg?fit=1200%2C800&ssl=1&resize=350%2C200 1x, https:\/\/i0.wp.com\/manda-motorhome-tours.com\/wp-content\/uploads\/2019\/03\/Fiaker-Hofburg-Wien-1544015_1920.jpg?fit=1200%2C800&ssl=1&resize=525%2C300 1.5x, https:\/\/i0.wp.com\/manda-motorhome-tours.com\/wp-content\/uploads\/2019\/03\/Fiaker-Hofburg-Wien-1544015_1920.jpg?fit=1200%2C800&ssl=1&resize=700%2C400 2x, https:\/\/i0.wp.com\/manda-motorhome-tours.com\/wp-content\/uploads\/2019\/03\/Fiaker-Hofburg-Wien-1544015_1920.jpg?fit=1200%2C800&ssl=1&resize=1050%2C600 3x"},"classes":[]},{"id":555,"url":"https:\/\/manda-motorhome-tours.com\/de\/why-travel-with-us\/","url_meta":{"origin":203,"position":2},"title":"Warum mit uns reisen","author":"admin","date":"7. August 2016","format":false,"excerpt":"{:en}WHY TRAVEL WITH US We offer escorted but flexible motorhome tours We will be with you for the whole tour. We reserve the overnight stops on selected campsites and book special highlights well in advance. We plan the itinerary, provide you with a detailed road book, maps and give tips\u2026","rel":"","context":"\u00c4hnlicher Beitrag","block_context":{"text":"\u00c4hnlicher Beitrag","link":""},"img":{"alt_text":"MandA Tours European Motorhome Tour: Picturesque Provence: Ard\u00e8che","src":"https:\/\/i0.wp.com\/manda-motorhome-tours.com\/wp-content\/uploads\/2016\/08\/DSC_0852.jpg?fit=1200%2C806&ssl=1&resize=350%2C200","width":350,"height":200,"srcset":"https:\/\/i0.wp.com\/manda-motorhome-tours.com\/wp-content\/uploads\/2016\/08\/DSC_0852.jpg?fit=1200%2C806&ssl=1&resize=350%2C200 1x, https:\/\/i0.wp.com\/manda-motorhome-tours.com\/wp-content\/uploads\/2016\/08\/DSC_0852.jpg?fit=1200%2C806&ssl=1&resize=525%2C300 1.5x, https:\/\/i0.wp.com\/manda-motorhome-tours.com\/wp-content\/uploads\/2016\/08\/DSC_0852.jpg?fit=1200%2C806&ssl=1&resize=700%2C400 2x, https:\/\/i0.wp.com\/manda-motorhome-tours.com\/wp-content\/uploads\/2016\/08\/DSC_0852.jpg?fit=1200%2C806&ssl=1&resize=1050%2C600 3x"},"classes":[]},{"id":502,"url":"https:\/\/manda-motorhome-tours.com\/de\/breathtaking-black-forest\/","url_meta":{"origin":203,"position":3},"title":"Breathtaking Black Forest","author":"admin","date":"5. August 2016","format":false,"excerpt":"Escorted Motorhome TourBREATHTAKING BLACK FOREST Impressions \"Breathtaking Black Forest\" tour 2018 Impressions \"Breathtaking Black Forest\" tour 2018 \u00a0 Touring Information Start: Ortenau Wine Region End: Lindau Lake Constance Tour days: 15 Non-Driving days: 7 Average daily milage: 46 miles Max. daily mileage: 69 miles Total mileage: 365 miles Calais-Ortenau: 411\u2026","rel":"","context":"\u00c4hnlicher Beitrag","block_context":{"text":"\u00c4hnlicher Beitrag","link":""},"img":{"alt_text":"Children eating Black Forest Gateau","src":"https:\/\/i0.wp.com\/manda-motorhome-tours.com\/wp-content\/uploads\/2016\/07\/Trachtenkinder-mit-Kirschtorte-e1600355796693.jpg?fit=1200%2C801&ssl=1&resize=350%2C200","width":350,"height":200,"srcset":"https:\/\/i0.wp.com\/manda-motorhome-tours.com\/wp-content\/uploads\/2016\/07\/Trachtenkinder-mit-Kirschtorte-e1600355796693.jpg?fit=1200%2C801&ssl=1&resize=350%2C200 1x, https:\/\/i0.wp.com\/manda-motorhome-tours.com\/wp-content\/uploads\/2016\/07\/Trachtenkinder-mit-Kirschtorte-e1600355796693.jpg?fit=1200%2C801&ssl=1&resize=525%2C300 1.5x, https:\/\/i0.wp.com\/manda-motorhome-tours.com\/wp-content\/uploads\/2016\/07\/Trachtenkinder-mit-Kirschtorte-e1600355796693.jpg?fit=1200%2C801&ssl=1&resize=700%2C400 2x, https:\/\/i0.wp.com\/manda-motorhome-tours.com\/wp-content\/uploads\/2016\/07\/Trachtenkinder-mit-Kirschtorte-e1600355796693.jpg?fit=1200%2C801&ssl=1&resize=1050%2C600 3x"},"classes":[]},{"id":88,"url":"https:\/\/manda-motorhome-tours.com\/de\/germanys-romantic-road\/","url_meta":{"origin":203,"position":4},"title":"Germany&#8217;s Romantic Road","author":"admin","date":"26. Juni 2016","format":false,"excerpt":"Escorted Motorhome TourGERMANY'S ROMANTIC ROAD Impressions \"Germany's Romantic Road\" tour 2017 Impressions \"Germany's Romantic Road\" tour 2017 \u00a0 \u00a0 Touring Information Start: Lohr am Main near W\u00fcrzburg End: Schwangau Region Tour days: 15 Non-Driving days: 7 Max. daily mileage: 66 miles Total mileage: 250 miles Calais-Kissingen: 453 miles Pets allowed\u2026","rel":"","context":"\u00c4hnlicher Beitrag","block_context":{"text":"\u00c4hnlicher Beitrag","link":""},"img":{"alt_text":"Rothenburg ob der Tauber","src":"https:\/\/i0.wp.com\/manda-motorhome-tours.com\/wp-content\/uploads\/2016\/06\/webRothenburg_ob_der_Tauber__23_-e1600356544298.jpg?fit=640%2C427&ssl=1&resize=350%2C200","width":350,"height":200,"srcset":"https:\/\/i0.wp.com\/manda-motorhome-tours.com\/wp-content\/uploads\/2016\/06\/webRothenburg_ob_der_Tauber__23_-e1600356544298.jpg?fit=640%2C427&ssl=1&resize=350%2C200 1x, https:\/\/i0.wp.com\/manda-motorhome-tours.com\/wp-content\/uploads\/2016\/06\/webRothenburg_ob_der_Tauber__23_-e1600356544298.jpg?fit=640%2C427&ssl=1&resize=525%2C300 1.5x"},"classes":[]},{"id":28,"url":"https:\/\/manda-motorhome-tours.com\/de\/majestic-rhine-and-moselle-rivers\/","url_meta":{"origin":203,"position":5},"title":"Majest\u00e4tische Fl\u00fcsse Rhein &#038; Mosel","author":"admin","date":"14. Juni 2016","format":false,"excerpt":"Escorted Motorhome TourMAJESTIC RHINE & MOSELLE RIVERS Impressions \"Majestic Rhine & Moselle Rivers\" tour 2018 Impressions \"Majestic Rhine & Moselle Rivers\" tour 2018 \u00a0 Short video of the \"Rhine in Flames\" fireworks taken during our 2016 tour \u00a0 Official video 40th anniversary Rhine in Flames 2017 Touring Information Start: Cologne\u2026","rel":"","context":"\u00c4hnlicher Beitrag","block_context":{"text":"\u00c4hnlicher Beitrag","link":""},"img":{"alt_text":"R\u00fcdesheim Tourist AG RiF-2018-055 D. Ketz","src":"https:\/\/i0.wp.com\/manda-motorhome-tours.com\/wp-content\/uploads\/2019\/07\/R%C3%BCdesheim-Tourist-Office-RiF-2018-055-D.-Ketz.jpg?fit=1200%2C800&ssl=1&resize=350%2C200","width":350,"height":200,"srcset":"https:\/\/i0.wp.com\/manda-motorhome-tours.com\/wp-content\/uploads\/2019\/07\/R%C3%BCdesheim-Tourist-Office-RiF-2018-055-D.-Ketz.jpg?fit=1200%2C800&ssl=1&resize=350%2C200 1x, https:\/\/i0.wp.com\/manda-motorhome-tours.com\/wp-content\/uploads\/2019\/07\/R%C3%BCdesheim-Tourist-Office-RiF-2018-055-D.-Ketz.jpg?fit=1200%2C800&ssl=1&resize=525%2C300 1.5x, https:\/\/i0.wp.com\/manda-motorhome-tours.com\/wp-content\/uploads\/2019\/07\/R%C3%BCdesheim-Tourist-Office-RiF-2018-055-D.-Ketz.jpg?fit=1200%2C800&ssl=1&resize=700%2C400 2x, https:\/\/i0.wp.com\/manda-motorhome-tours.com\/wp-content\/uploads\/2019\/07\/R%C3%BCdesheim-Tourist-Office-RiF-2018-055-D.-Ketz.jpg?fit=1200%2C800&ssl=1&resize=1050%2C600 3x"},"classes":[]}],"jetpack_sharing_enabled":true,"_links":{"self":[{"href":"https:\/\/manda-motorhome-tours.com\/de\/wp-json\/wp\/v2\/pages\/203","targetHints":{"allow":["GET"]}}],"collection":[{"href":"https:\/\/manda-motorhome-tours.com\/de\/wp-json\/wp\/v2\/pages"}],"about":[{"href":"https:\/\/manda-motorhome-tours.com\/de\/wp-json\/wp\/v2\/types\/page"}],"author":[{"embeddable":true,"href":"https:\/\/manda-motorhome-tours.com\/de\/wp-json\/wp\/v2\/users\/1"}],"replies":[{"embeddable":true,"href":"https:\/\/manda-motorhome-tours.com\/de\/wp-json\/wp\/v2\/comments?post=203"}],"version-history":[{"count":56,"href":"https:\/\/manda-motorhome-tours.com\/de\/wp-json\/wp\/v2\/pages\/203\/revisions"}],"predecessor-version":[{"id":243122,"href":"https:\/\/manda-motorhome-tours.com\/de\/wp-json\/wp\/v2\/pages\/203\/revisions\/243122"}],"wp:attachment":[{"href":"https:\/\/manda-motorhome-tours.com\/de\/wp-json\/wp\/v2\/media?parent=203"}],"curies":[{"name":"wp","href":"https:\/\/api.w.org\/{rel}","templated":true}]}}