{"id":239789,"date":"2020-03-23T17:31:46","date_gmt":"2020-03-23T16:31:46","guid":{"rendered":"https:\/\/www.manda-motorhome-tours.com\/?page_id=239789"},"modified":"2020-10-06T12:43:36","modified_gmt":"2020-10-06T10:43:36","slug":"tour-videos","status":"publish","type":"page","link":"https:\/\/manda-motorhome-tours.com\/de\/tour-videos\/","title":{"rendered":"VIDEOS DER TOUREN"},"content":{"rendered":"<h1 style=\"text-align: center;\">VIDEOS AUFGENOMMEN AUF UNSEREN TOUREN<\/h1>\r\n<p>Auf dieser Seite finden sie eine kleine Auswahl von Videos, welche wir auf unseren Reisen aufgenommen haben. Da wir diese Seite erst in 2020 eingerichtet haben ist die Anzahl an Videos noch relativ gering, wir werden aber regelm\u00e4\u00dfig neue Videos hinzuf\u00fcgen.<\/p>\r\n<p><!-- \/wp:post-content -->\r\n\r\n<!-- wp:paragraph --><\/p>\r\n<p>Indem sie auf Play in der Mitte des Bildes klicken, k\u00f6nnen sie das Video im Kleinformat sehen. Wenn sie ein gr\u00f6sseres Bild w\u00fcnschen, klicken sie auf YouTube am unteren Rand des kleinen Videos, oder sie k\u00f6nnen nat\u00fcrlich auch auf das kleine Quadrat am unteren Rand klicken um in den Vollbildmodus zu wechseln.<\/p>\r\n<figure class=\"wp-block-video aligncenter\">\r\n<figcaption><\/figcaption>\r\n<\/figure>\r\n<p><!-- \/wp:paragraph -->\r\n\r\n<!-- wp:separator {\"className\":\"is-style-wide\"} --><\/p>\r\n<figure class=\"wp-block-video aligncenter\">\r\n<figcaption><\/figcaption>\r\n<\/figure>\r\n<p><!-- \/wp:separator -->\r\n\r\n<!-- wp:separator {\"className\":\"is-style-wide\"} --><\/p>\r\n<hr class=\"wp-block-separator is-style-wide\" \/>\r\n<p><!-- \/wp:separator -->\r\n\r\n<!-- wp:heading {\"align\":\"center\"} --><\/p>\r\n<h2 style=\"text-align: center;\">Short video of the lighting of the Christmas tree taken in Strasbourg during our 2018 &#8222;Europe&#8217;s Best Christmas Markets&#8220; tour<\/h2>\r\n<p><!-- \/wp:heading -->\r\n\r\n<!-- wp:video {\"autoplay\":false,\"id\":235175,\"loop\":false,\"muted\":false,\"src\":\"https:\/\/www.manda-motorhome-tours.com\/wp-content\/uploads\/2019\/08\/Tour-Impressions-2018-12-Europes-Best-Christmas-Markets-480p.mov\"} --><\/p>\r\n<figure class=\"wp-block-video aligncenter\"><iframe loading=\"lazy\" src=\"https:\/\/www.youtube-nocookie.com\/embed\/puKcpvKOWNw\" width=\"560\" height=\"315\" frameborder=\"0\" allowfullscreen=\"allowfullscreen\" data-mce-fragment=\"1\"><\/iframe><br \/>\r\n<figcaption><\/figcaption>\r\n<\/figure>\r\n<p><!-- \/wp:video -->\r\n\r\n<!-- wp:separator {\"className\":\"is-style-wide\"} --><\/p>\r\n<p><!-- \/wp:separator -->\r\n\r\n<!-- wp:paragraph --><\/p>\r\n<p>&nbsp;<\/p>\r\n<figure class=\"wp-block-video aligncenter\">\r\n<figcaption>\r\n<figure class=\"wp-block-video aligncenter\">\r\n<figcaption><hr class=\"wp-block-separator is-style-wide\" \/>\r\n<p style=\"text-align: center;\"><!-- \/wp:paragraph -->\r\n\r\n<!-- wp:heading {\"align\":\"center\"} --><\/p>\r\n<h2 style=\"text-align: center;\"><!-- \/wp:heading -->\r\n\r\n<!-- wp:paragraph --><\/h2>\r\n<h2 style=\"text-align: center;\"><!-- \/wp:paragraph -->\r\n\r\n<!-- wp:heading {\"level\":4,\"align\":\"center\"} --><\/h2>\r\n<h2 style=\"text-align: center;\"><!-- \/wp:heading -->\r\n\r\n<!-- wp:heading {\"align\":\"center\"} --><\/h2>\r\n<figure><\/figure>\r\n<h2 style=\"text-align: center;\">Short video of a Street Musician taken in Avignon during our 2017 &#8222;Picturesque Provence&#8220; tour\u00a0<\/h2>\r\n<p style=\"text-align: center;\"><iframe loading=\"lazy\" src=\"https:\/\/www.youtube-nocookie.com\/embed\/BfPLVdkYOT0\" width=\"560\" height=\"315\" frameborder=\"0\" allowfullscreen=\"allowfullscreen\" data-mce-fragment=\"1\"><\/iframe><\/p>\r\n<figure class=\"wp-block-video aligncenter\">\r\n<figcaption><\/figcaption>\r\n<\/figure>\r\n<p style=\"text-align: center;\"><!-- \/wp:heading -->\r\n\r\n<!-- wp:separator {\"className\":\"is-style-wide\"} --><\/p>\r\n<h2 style=\"text-align: center;\">\u00a0<\/h2>\r\n<\/figcaption>\r\n<\/figure>\r\n<figure class=\"wp-block-video aligncenter\">\r\n<figcaption>\r\n<p style=\"text-align: center;\"><!-- \/wp:separator -->\r\n\r\n<!-- wp:heading {\"level\":4,\"align\":\"center\"} --><\/p>\r\n<figure class=\"wp-block-video aligncenter\">\r\n<figcaption><\/figcaption>\r\n<\/figure>\r\n<figure class=\"wp-block-video aligncenter\">\r\n<figcaption><\/figcaption>\r\n<\/figure>\r\n<p style=\"text-align: center;\"><!-- \/wp:heading -->\r\n\r\n<!-- wp:separator {\"className\":\"is-style-wide\"} --><\/p>\r\n<hr class=\"wp-block-separator is-style-wide\" \/>\r\n<p style=\"text-align: center;\"><!-- \/wp:separator -->\r\n\r\n<!-- wp:heading {\"align\":\"center\"} --><\/p>\r\n<h2 style=\"text-align: center;\"><!-- \/wp:heading -->\r\n\r\n<!-- wp:paragraph --><\/h2>\r\n<h2 style=\"text-align: center;\"><!-- \/wp:paragraph -->\r\n\r\n<!-- wp:heading {\"level\":4,\"align\":\"center\"} --><\/h2>\r\n<h2 style=\"text-align: center;\"><!-- \/wp:heading -->\r\n\r\n<!-- wp:heading {\"align\":\"center\"} --><\/h2>\r\n<figure><\/figure>\r\n<h2 style=\"text-align: center;\">Short video of the flower parade taken during our 2017 &#8222;Springtime in Holland&#8220; tour\u00a0<\/h2>\r\n<p style=\"text-align: center;\"><iframe loading=\"lazy\" src=\"https:\/\/www.youtube-nocookie.com\/embed\/tXSR0N0pJC4\" width=\"560\" height=\"315\" frameborder=\"0\" allowfullscreen=\"allowfullscreen\" data-mce-fragment=\"1\"><\/iframe><\/p>\r\n<figure class=\"wp-block-video aligncenter\">\r\n<figcaption><\/figcaption>\r\n<\/figure>\r\n<p style=\"text-align: center;\"><!-- \/wp:heading -->\r\n\r\n<!-- wp:separator {\"className\":\"is-style-wide\"} --><\/p>\r\n<h2 style=\"text-align: center;\">\u00a0<\/h2>\r\n<\/figcaption>\r\n<\/figure>\r\n<figure class=\"wp-block-video aligncenter\">\r\n<figcaption><\/figcaption>\r\n<\/figure>\r\n<figure class=\"wp-block-video aligncenter\">\r\n<figcaption><\/figcaption>\r\n<\/figure>\r\n<p style=\"text-align: center;\"><!-- \/wp:separator -->\r\n\r\n<!-- wp:separator {\"className\":\"is-style-wide\"} --><\/p>\r\n<hr class=\"wp-block-separator is-style-wide\" \/>\r\n<p style=\"text-align: center;\"><!-- \/wp:separator -->\r\n\r\n<!-- wp:heading {\"align\":\"center\"} --><\/p>\r\n<h2 style=\"text-align: center;\"><!-- \/wp:heading -->\r\n\r\n<!-- wp:paragraph --><\/h2>\r\n<h2 style=\"text-align: center;\"><!-- \/wp:paragraph -->\r\n\r\n<!-- wp:heading {\"level\":4,\"align\":\"center\"} --><\/h2>\r\n<h2 style=\"text-align: center;\"><!-- \/wp:heading -->\r\n\r\n<!-- wp:heading {\"align\":\"center\"} --><\/h2>\r\n<figure><\/figure>\r\n<h2 style=\"text-align: center;\">Short video of the &#8222;Rhine in Flames&#8220; fireworks taken during our 2016 &#8222;Majestic Rhine &amp; Moselle Rivers&#8220; tour<\/h2>\r\n<p style=\"text-align: center;\"><iframe loading=\"lazy\" src=\"https:\/\/www.youtube-nocookie.com\/embed\/xKRCMomWxCI\" width=\"560\" height=\"315\" frameborder=\"0\" allowfullscreen=\"allowfullscreen\" data-mce-fragment=\"1\"><\/iframe><\/p>\r\n<figure class=\"wp-block-video aligncenter\">\r\n<figcaption><\/figcaption>\r\n<\/figure>\r\n<p style=\"text-align: center;\"><!-- \/wp:heading -->\r\n\r\n<!-- wp:separator {\"className\":\"is-style-wide\"} --><\/p>\r\n<p style=\"text-align: center;\">\u00a0<\/p>\r\n<figure class=\"wp-block-video aligncenter\">\r\n<figcaption><\/figcaption>\r\n<\/figure>\r\n<p style=\"text-align: center;\"><!-- \/wp:separator -->\r\n\r\n<!-- wp:separator {\"className\":\"is-style-wide\"} --><\/p>\r\n<hr class=\"wp-block-separator is-style-wide\" \/>\r\n<p style=\"text-align: center;\"><!-- \/wp:separator -->\r\n\r\n<!-- wp:heading {\"align\":\"center\"} --><\/p>\r\n<p style=\"text-align: center;\"><!-- \/wp:heading -->\r\n\r\n<!-- wp:paragraph --><\/p>\r\n<p style=\"text-align: center;\"><!-- \/wp:paragraph -->\r\n\r\n<!-- wp:heading {\"level\":4,\"align\":\"center\"} --><\/p>\r\n<h2 style=\"text-align: center;\">\u00a0<\/h2>\r\n<\/figcaption>\r\n<\/figure>\r\n<p><!-- \/wp:heading -->\r\n\r\n<!-- wp:paragraph --><\/p>\r\n<p>&nbsp;<\/p>","protected":false},"excerpt":{"rendered":"<p>VIDEOS AUFGENOMMEN AUF UNSEREN TOUREN Auf dieser Seite finden sie eine kleine Auswahl von Videos, welche wir auf unseren Reisen aufgenommen haben. Da wir diese Seite erst in 2020 eingerichtet haben ist die Anzahl an Videos noch relativ gering, wir werden aber regelm\u00e4\u00dfig neue Videos hinzuf\u00fcgen. Indem sie auf Play in der Mitte des Bildes&hellip;&nbsp;<a href=\"https:\/\/manda-motorhome-tours.com\/de\/tour-videos\/\" rel=\"bookmark\">Weiterlesen &raquo;<span class=\"screen-reader-text\">VIDEOS DER TOUREN<\/span><\/a><\/p>\n","protected":false},"author":1,"featured_media":0,"parent":0,"menu_order":0,"comment_status":"closed","ping_status":"closed","template":"","meta":{"neve_meta_sidebar":"","neve_meta_container":"","neve_meta_enable_content_width":"off","neve_meta_content_width":0,"neve_meta_title_alignment":"","neve_meta_author_avatar":"","neve_post_elements_order":"","neve_meta_disable_header":"","neve_meta_disable_footer":"","neve_meta_disable_title":"on","jetpack_post_was_ever_published":false,"footnotes":""},"class_list":["post-239789","page","type-page","status-publish","hentry"],"translation":{"provider":"WPGlobus","version":"3.0.2","language":"de","enabled_languages":["en","de"],"languages":{"en":{"title":true,"content":true,"excerpt":false},"de":{"title":true,"content":true,"excerpt":false}}},"yoast_head":"<!-- This site is optimized with the Yoast SEO plugin v27.1.1 - https:\/\/yoast.com\/product\/yoast-seo-wordpress\/ -->\n<title>VIDEOS DER TOUREN<\/title>\n<meta name=\"description\" content=\"VIDEOS DER TOUREN: Auf dieser Seite finden sie eine kleine Auswahl von Videos, welche wir auf unseren Reisen aufgenommen haben\" \/>\n<meta name=\"robots\" content=\"index, follow, max-snippet:-1, max-image-preview:large, max-video-preview:-1\" \/>\n<link rel=\"canonical\" href=\"https:\/\/manda-motorhome-tours.com\/tour-videos\/\" \/>\n<meta property=\"og:locale\" content=\"de_DE\" \/>\n<meta property=\"og:type\" content=\"article\" \/>\n<meta property=\"og:title\" content=\"VIDEOS DER TOUREN - MandA Tours - Gef\u00fchrte Wohnmobil Reisen\" \/>\n<meta property=\"og:description\" content=\"VIDEOS DER TOUREN: Auf dieser Seite finden sie eine kleine Auswahl von Videos, welche wir auf unseren Reisen aufgenommen haben\" \/>\n<meta property=\"og:url\" content=\"https:\/\/manda-motorhome-tours.com\/tour-videos\/\" \/>\n<meta property=\"og:site_name\" content=\"MandA Tours - Gef\u00fchrte Wohnmobil Reisen\" \/>\n<meta property=\"article:publisher\" content=\"https:\/\/www.facebook.com\/MandAMotorhomeTours\/\" \/>\n<meta property=\"article:modified_time\" content=\"2020-10-06T10:43:36+00:00\" \/>\n<meta name=\"twitter:card\" content=\"summary_large_image\" \/>\n<meta name=\"twitter:label1\" content=\"Gesch\u00e4tzte Lesezeit\" \/>\n\t<meta name=\"twitter:data1\" content=\"2\u00a0Minuten\" \/>\n<script type=\"application\/ld+json\" class=\"yoast-schema-graph\">{\"@context\":\"https:\/\/schema.org\",\"@graph\":[{\"@type\":\"WebPage\",\"@id\":\"https:\/\/manda-motorhome-tours.com\/tour-videos\/\",\"url\":\"https:\/\/manda-motorhome-tours.com\/tour-videos\/\",\"name\":\"VIDEOS DER TOUREN\",\"isPartOf\":{\"@id\":\"https:\/\/manda-motorhome-tours.com\/#website\"},\"datePublished\":\"2020-03-23T16:31:46+00:00\",\"dateModified\":\"2020-10-06T10:43:36+00:00\",\"description\":\"VIDEOS DER TOUREN: Auf dieser Seite finden sie eine kleine Auswahl von Videos, welche wir auf unseren Reisen aufgenommen haben\",\"breadcrumb\":{\"@id\":\"https:\/\/manda-motorhome-tours.com\/tour-videos\/#breadcrumb\"},\"inLanguage\":\"de\",\"potentialAction\":[{\"@type\":\"ReadAction\",\"target\":[\"https:\/\/manda-motorhome-tours.com\/tour-videos\/\"]}]},{\"@type\":\"BreadcrumbList\",\"@id\":\"https:\/\/manda-motorhome-tours.com\/tour-videos\/#breadcrumb\",\"itemListElement\":[{\"@type\":\"ListItem\",\"position\":1,\"name\":\"Home\",\"item\":\"https:\/\/manda-motorhome-tours.com\/\"},{\"@type\":\"ListItem\",\"position\":2,\"name\":\"Tour Videos\"}]},{\"@type\":\"WebSite\",\"@id\":\"https:\/\/manda-motorhome-tours.com\/#website\",\"url\":\"https:\/\/manda-motorhome-tours.com\/\",\"name\":\"MandA Tours - Gef\u00fchrte Wohnmobil Reisen\",\"description\":\"MandA Tours bietet gef\u00fchrte Wohnmobilreisen zu ausgew\u00e4hlten Zielen innerhalb Europas an. Reisen Sie mit uns in die malerischsten Gegenden von Europa und erleben Sie Ihre unvergessliche Traumreise. Wir k\u00fcmmern uns darum, dass Sie sorgenfrei und ohne Planungsaufwand die sch\u00f6nsten St\u00e4dte und Landschaften der Region erleben und an ausgesuchten Events teilnehmen k\u00f6nnen\",\"publisher\":{\"@id\":\"https:\/\/manda-motorhome-tours.com\/#organization\"},\"potentialAction\":[{\"@type\":\"SearchAction\",\"target\":{\"@type\":\"EntryPoint\",\"urlTemplate\":\"https:\/\/manda-motorhome-tours.com\/?s={search_term_string}\"},\"query-input\":{\"@type\":\"PropertyValueSpecification\",\"valueRequired\":true,\"valueName\":\"search_term_string\"}}],\"inLanguage\":\"de\"},{\"@type\":\"Organization\",\"@id\":\"https:\/\/manda-motorhome-tours.com\/#organization\",\"name\":\"MandA Tours - Gef\u00fchrte Wohnmobil Reisen\",\"url\":\"https:\/\/manda-motorhome-tours.com\/\",\"logo\":{\"@type\":\"ImageObject\",\"inLanguage\":\"de\",\"@id\":\"https:\/\/manda-motorhome-tours.com\/#\/schema\/logo\/image\/\",\"url\":\"https:\/\/i0.wp.com\/manda-motorhome-tours.com\/wp-content\/uploads\/2019\/11\/MT_Logo_ohneClaim_3-18.jpg?fit=1593%2C655&ssl=1\",\"contentUrl\":\"https:\/\/i0.wp.com\/manda-motorhome-tours.com\/wp-content\/uploads\/2019\/11\/MT_Logo_ohneClaim_3-18.jpg?fit=1593%2C655&ssl=1\",\"width\":1593,\"height\":655,\"caption\":\"MandA Tours - Gef\u00fchrte Wohnmobil Reisen\"},\"image\":{\"@id\":\"https:\/\/manda-motorhome-tours.com\/#\/schema\/logo\/image\/\"},\"sameAs\":[\"https:\/\/www.facebook.com\/MandAMotorhomeTours\/\"]}]}<\/script>\n<!-- \/ Yoast SEO plugin. -->","yoast_head_json":{"title":"VIDEOS DER TOUREN","description":"VIDEOS DER TOUREN: Auf dieser Seite finden sie eine kleine Auswahl von Videos, welche wir auf unseren Reisen aufgenommen haben","robots":{"index":"index","follow":"follow","max-snippet":"max-snippet:-1","max-image-preview":"max-image-preview:large","max-video-preview":"max-video-preview:-1"},"canonical":"https:\/\/manda-motorhome-tours.com\/tour-videos\/","og_locale":"de_DE","og_type":"article","og_title":"VIDEOS DER TOUREN - MandA Tours - Gef\u00fchrte Wohnmobil Reisen","og_description":"VIDEOS DER TOUREN: Auf dieser Seite finden sie eine kleine Auswahl von Videos, welche wir auf unseren Reisen aufgenommen haben","og_url":"https:\/\/manda-motorhome-tours.com\/tour-videos\/","og_site_name":"MandA Tours - Gef\u00fchrte Wohnmobil Reisen","article_publisher":"https:\/\/www.facebook.com\/MandAMotorhomeTours\/","article_modified_time":"2020-10-06T10:43:36+00:00","twitter_card":"summary_large_image","twitter_misc":{"Gesch\u00e4tzte Lesezeit":"2\u00a0Minuten"},"schema":{"@context":"https:\/\/schema.org","@graph":[{"@type":"WebPage","@id":"https:\/\/manda-motorhome-tours.com\/tour-videos\/","url":"https:\/\/manda-motorhome-tours.com\/tour-videos\/","name":"VIDEOS DER TOUREN","isPartOf":{"@id":"https:\/\/manda-motorhome-tours.com\/#website"},"datePublished":"2020-03-23T16:31:46+00:00","dateModified":"2020-10-06T10:43:36+00:00","description":"VIDEOS DER TOUREN: Auf dieser Seite finden sie eine kleine Auswahl von Videos, welche wir auf unseren Reisen aufgenommen haben","breadcrumb":{"@id":"https:\/\/manda-motorhome-tours.com\/tour-videos\/#breadcrumb"},"inLanguage":"de","potentialAction":[{"@type":"ReadAction","target":["https:\/\/manda-motorhome-tours.com\/tour-videos\/"]}]},{"@type":"BreadcrumbList","@id":"https:\/\/manda-motorhome-tours.com\/tour-videos\/#breadcrumb","itemListElement":[{"@type":"ListItem","position":1,"name":"Home","item":"https:\/\/manda-motorhome-tours.com\/"},{"@type":"ListItem","position":2,"name":"Tour Videos"}]},{"@type":"WebSite","@id":"https:\/\/manda-motorhome-tours.com\/#website","url":"https:\/\/manda-motorhome-tours.com\/","name":"MandA Tours - Gef\u00fchrte Wohnmobil Reisen","description":"MandA Tours bietet gef\u00fchrte Wohnmobilreisen zu ausgew\u00e4hlten Zielen innerhalb Europas an. Reisen Sie mit uns in die malerischsten Gegenden von Europa und erleben Sie Ihre unvergessliche Traumreise. Wir k\u00fcmmern uns darum, dass Sie sorgenfrei und ohne Planungsaufwand die sch\u00f6nsten St\u00e4dte und Landschaften der Region erleben und an ausgesuchten Events teilnehmen k\u00f6nnen","publisher":{"@id":"https:\/\/manda-motorhome-tours.com\/#organization"},"potentialAction":[{"@type":"SearchAction","target":{"@type":"EntryPoint","urlTemplate":"https:\/\/manda-motorhome-tours.com\/?s={search_term_string}"},"query-input":{"@type":"PropertyValueSpecification","valueRequired":true,"valueName":"search_term_string"}}],"inLanguage":"de"},{"@type":"Organization","@id":"https:\/\/manda-motorhome-tours.com\/#organization","name":"MandA Tours - Gef\u00fchrte Wohnmobil Reisen","url":"https:\/\/manda-motorhome-tours.com\/","logo":{"@type":"ImageObject","inLanguage":"de","@id":"https:\/\/manda-motorhome-tours.com\/#\/schema\/logo\/image\/","url":"https:\/\/i0.wp.com\/manda-motorhome-tours.com\/wp-content\/uploads\/2019\/11\/MT_Logo_ohneClaim_3-18.jpg?fit=1593%2C655&ssl=1","contentUrl":"https:\/\/i0.wp.com\/manda-motorhome-tours.com\/wp-content\/uploads\/2019\/11\/MT_Logo_ohneClaim_3-18.jpg?fit=1593%2C655&ssl=1","width":1593,"height":655,"caption":"MandA Tours - Gef\u00fchrte Wohnmobil Reisen"},"image":{"@id":"https:\/\/manda-motorhome-tours.com\/#\/schema\/logo\/image\/"},"sameAs":["https:\/\/www.facebook.com\/MandAMotorhomeTours\/"]}]}},"jetpack_shortlink":"https:\/\/wp.me\/P7FFB3-10nz","jetpack-related-posts":[{"id":213172,"url":"https:\/\/manda-motorhome-tours.com\/de\/tour-impressions\/","url_meta":{"origin":239789,"position":0},"title":"DIASHOWS","author":"admin","date":"18. Januar 2019","format":false,"excerpt":"{:en} TOUR SLIDESHOWS On this page you will find some slideshows of past tours. As we only started this page in 2019, the number of \"Impressions\" is still limited, but will be updated regularly. You can either watch a small slide show by just clicking on the play button or,\u2026","rel":"","context":"\u00c4hnlicher Beitrag","block_context":{"text":"\u00c4hnlicher Beitrag","link":""},"img":{"alt_text":"","src":"","width":0,"height":0},"classes":[]},{"id":555,"url":"https:\/\/manda-motorhome-tours.com\/de\/why-travel-with-us\/","url_meta":{"origin":239789,"position":1},"title":"Warum mit uns reisen","author":"admin","date":"7. August 2016","format":false,"excerpt":"{:en}WHY TRAVEL WITH US We offer escorted but flexible motorhome tours We will be with you for the whole tour. We reserve the overnight stops on selected campsites and book special highlights well in advance. We plan the itinerary, provide you with a detailed road book, maps and give tips\u2026","rel":"","context":"\u00c4hnlicher Beitrag","block_context":{"text":"\u00c4hnlicher Beitrag","link":""},"img":{"alt_text":"MandA Tours European Motorhome Tour: Picturesque Provence: Ard\u00e8che","src":"https:\/\/i0.wp.com\/manda-motorhome-tours.com\/wp-content\/uploads\/2016\/08\/DSC_0852.jpg?fit=1200%2C806&ssl=1&resize=350%2C200","width":350,"height":200,"srcset":"https:\/\/i0.wp.com\/manda-motorhome-tours.com\/wp-content\/uploads\/2016\/08\/DSC_0852.jpg?fit=1200%2C806&ssl=1&resize=350%2C200 1x, https:\/\/i0.wp.com\/manda-motorhome-tours.com\/wp-content\/uploads\/2016\/08\/DSC_0852.jpg?fit=1200%2C806&ssl=1&resize=525%2C300 1.5x, https:\/\/i0.wp.com\/manda-motorhome-tours.com\/wp-content\/uploads\/2016\/08\/DSC_0852.jpg?fit=1200%2C806&ssl=1&resize=700%2C400 2x, https:\/\/i0.wp.com\/manda-motorhome-tours.com\/wp-content\/uploads\/2016\/08\/DSC_0852.jpg?fit=1200%2C806&ssl=1&resize=1050%2C600 3x"},"classes":[]},{"id":241804,"url":"https:\/\/manda-motorhome-tours.com\/de\/scenic-switzerland\/","url_meta":{"origin":239789,"position":2},"title":"Schweizer Berge und Seen","author":"admin","date":"18. M\u00e4rz 2021","format":false,"excerpt":"{:en} Escorted Motorhome TourScenic Switzerland \u00a0 Slideshow Tour Impressions \"Scenic Switzerland\" 2022 \u00a0 https:\/\/youtu.be\/Hu_JsqmO-w0 Touring Information Start:\u00a0Lucerne End:\u00a0Geneva Tour days: 15 Non-Driving days: 9 Average daily milage: 37 miles Maximum daily mileage: 73 miles Total mileage: 331 miles Calais- Lucerne: 493 miles Pets allowed Minimum number of units: 4 motorhomes\u2026","rel":"","context":"\u00c4hnlicher Beitrag","block_context":{"text":"\u00c4hnlicher Beitrag","link":""},"img":{"alt_text":"Swiss Chalet with Flag","src":"https:\/\/i0.wp.com\/manda-motorhome-tours.com\/wp-content\/uploads\/2021\/03\/Tour-Flyer-Titel-Swiss-Chalet-with-Flag.jpg?fit=1200%2C801&ssl=1&resize=350%2C200","width":350,"height":200,"srcset":"https:\/\/i0.wp.com\/manda-motorhome-tours.com\/wp-content\/uploads\/2021\/03\/Tour-Flyer-Titel-Swiss-Chalet-with-Flag.jpg?fit=1200%2C801&ssl=1&resize=350%2C200 1x, https:\/\/i0.wp.com\/manda-motorhome-tours.com\/wp-content\/uploads\/2021\/03\/Tour-Flyer-Titel-Swiss-Chalet-with-Flag.jpg?fit=1200%2C801&ssl=1&resize=525%2C300 1.5x, https:\/\/i0.wp.com\/manda-motorhome-tours.com\/wp-content\/uploads\/2021\/03\/Tour-Flyer-Titel-Swiss-Chalet-with-Flag.jpg?fit=1200%2C801&ssl=1&resize=700%2C400 2x, https:\/\/i0.wp.com\/manda-motorhome-tours.com\/wp-content\/uploads\/2021\/03\/Tour-Flyer-Titel-Swiss-Chalet-with-Flag.jpg?fit=1200%2C801&ssl=1&resize=1050%2C600 3x"},"classes":[]},{"id":88,"url":"https:\/\/manda-motorhome-tours.com\/de\/germanys-romantic-road\/","url_meta":{"origin":239789,"position":3},"title":"Germany&#8217;s Romantic Road","author":"admin","date":"26. Juni 2016","format":false,"excerpt":"Escorted Motorhome TourGERMANY'S ROMANTIC ROAD Impressions \"Germany's Romantic Road\" tour 2017 Impressions \"Germany's Romantic Road\" tour 2017 \u00a0 \u00a0 Touring Information Start: Lohr am Main near W\u00fcrzburg End: Schwangau Region Tour days: 15 Non-Driving days: 7 Max. daily mileage: 66 miles Total mileage: 250 miles Calais-Kissingen: 453 miles Pets allowed\u2026","rel":"","context":"\u00c4hnlicher Beitrag","block_context":{"text":"\u00c4hnlicher Beitrag","link":""},"img":{"alt_text":"Rothenburg ob der Tauber","src":"https:\/\/i0.wp.com\/manda-motorhome-tours.com\/wp-content\/uploads\/2016\/06\/webRothenburg_ob_der_Tauber__23_-e1600356544298.jpg?fit=640%2C427&ssl=1&resize=350%2C200","width":350,"height":200,"srcset":"https:\/\/i0.wp.com\/manda-motorhome-tours.com\/wp-content\/uploads\/2016\/06\/webRothenburg_ob_der_Tauber__23_-e1600356544298.jpg?fit=640%2C427&ssl=1&resize=350%2C200 1x, https:\/\/i0.wp.com\/manda-motorhome-tours.com\/wp-content\/uploads\/2016\/06\/webRothenburg_ob_der_Tauber__23_-e1600356544298.jpg?fit=640%2C427&ssl=1&resize=525%2C300 1.5x"},"classes":[]},{"id":502,"url":"https:\/\/manda-motorhome-tours.com\/de\/breathtaking-black-forest\/","url_meta":{"origin":239789,"position":4},"title":"Breathtaking Black Forest","author":"admin","date":"5. August 2016","format":false,"excerpt":"Escorted Motorhome TourBREATHTAKING BLACK FOREST Impressions \"Breathtaking Black Forest\" tour 2018 Impressions \"Breathtaking Black Forest\" tour 2018 \u00a0 Touring Information Start: Ortenau Wine Region End: Lindau Lake Constance Tour days: 15 Non-Driving days: 7 Average daily milage: 46 miles Max. daily mileage: 69 miles Total mileage: 365 miles Calais-Ortenau: 411\u2026","rel":"","context":"\u00c4hnlicher Beitrag","block_context":{"text":"\u00c4hnlicher Beitrag","link":""},"img":{"alt_text":"Children eating Black Forest Gateau","src":"https:\/\/i0.wp.com\/manda-motorhome-tours.com\/wp-content\/uploads\/2016\/07\/Trachtenkinder-mit-Kirschtorte-e1600355796693.jpg?fit=1200%2C801&ssl=1&resize=350%2C200","width":350,"height":200,"srcset":"https:\/\/i0.wp.com\/manda-motorhome-tours.com\/wp-content\/uploads\/2016\/07\/Trachtenkinder-mit-Kirschtorte-e1600355796693.jpg?fit=1200%2C801&ssl=1&resize=350%2C200 1x, https:\/\/i0.wp.com\/manda-motorhome-tours.com\/wp-content\/uploads\/2016\/07\/Trachtenkinder-mit-Kirschtorte-e1600355796693.jpg?fit=1200%2C801&ssl=1&resize=525%2C300 1.5x, https:\/\/i0.wp.com\/manda-motorhome-tours.com\/wp-content\/uploads\/2016\/07\/Trachtenkinder-mit-Kirschtorte-e1600355796693.jpg?fit=1200%2C801&ssl=1&resize=700%2C400 2x, https:\/\/i0.wp.com\/manda-motorhome-tours.com\/wp-content\/uploads\/2016\/07\/Trachtenkinder-mit-Kirschtorte-e1600355796693.jpg?fit=1200%2C801&ssl=1&resize=1050%2C600 3x"},"classes":[]},{"id":241096,"url":"https:\/\/manda-motorhome-tours.com\/de\/startseite-zelle-3-2-2\/","url_meta":{"origin":239789,"position":5},"title":"Home","author":"Daniel Thorisch","date":"9. Oktober 2020","format":false,"excerpt":"{:en}MANDA TOURS ESCORTED MOTORHOME TOURS Our tours why travel with us who we are Our Tours Choose your Escorted European Motorhome Tour TOURS 2021 Springtime in Holland Tour date: 10.04. \u2013 25.04.2021 (Calais pick-up: 10.04.2021) Impressive Italian Lakes & Cities Tour date: 09.05. \u2013 22.05.2021 (Calais pick-up: 07.05.2021) picturesque provence\u2026","rel":"","context":"\u00c4hnlicher Beitrag","block_context":{"text":"\u00c4hnlicher Beitrag","link":""},"img":{"alt_text":"Sunset Majestic Rhine & Moselle Rivers Tour IMG_4364 Breitbild","src":"https:\/\/i0.wp.com\/manda-motorhome-tours.com\/wp-content\/uploads\/2020\/03\/Sunset-Majestic-Rhine-Moselle-Rivers-Tour-IMG_4364-Breitbild.jpg?fit=1200%2C751&ssl=1&resize=350%2C200","width":350,"height":200,"srcset":"https:\/\/i0.wp.com\/manda-motorhome-tours.com\/wp-content\/uploads\/2020\/03\/Sunset-Majestic-Rhine-Moselle-Rivers-Tour-IMG_4364-Breitbild.jpg?fit=1200%2C751&ssl=1&resize=350%2C200 1x, https:\/\/i0.wp.com\/manda-motorhome-tours.com\/wp-content\/uploads\/2020\/03\/Sunset-Majestic-Rhine-Moselle-Rivers-Tour-IMG_4364-Breitbild.jpg?fit=1200%2C751&ssl=1&resize=525%2C300 1.5x, https:\/\/i0.wp.com\/manda-motorhome-tours.com\/wp-content\/uploads\/2020\/03\/Sunset-Majestic-Rhine-Moselle-Rivers-Tour-IMG_4364-Breitbild.jpg?fit=1200%2C751&ssl=1&resize=700%2C400 2x, https:\/\/i0.wp.com\/manda-motorhome-tours.com\/wp-content\/uploads\/2020\/03\/Sunset-Majestic-Rhine-Moselle-Rivers-Tour-IMG_4364-Breitbild.jpg?fit=1200%2C751&ssl=1&resize=1050%2C600 3x"},"classes":[]}],"jetpack_sharing_enabled":true,"_links":{"self":[{"href":"https:\/\/manda-motorhome-tours.com\/de\/wp-json\/wp\/v2\/pages\/239789","targetHints":{"allow":["GET"]}}],"collection":[{"href":"https:\/\/manda-motorhome-tours.com\/de\/wp-json\/wp\/v2\/pages"}],"about":[{"href":"https:\/\/manda-motorhome-tours.com\/de\/wp-json\/wp\/v2\/types\/page"}],"author":[{"embeddable":true,"href":"https:\/\/manda-motorhome-tours.com\/de\/wp-json\/wp\/v2\/users\/1"}],"replies":[{"embeddable":true,"href":"https:\/\/manda-motorhome-tours.com\/de\/wp-json\/wp\/v2\/comments?post=239789"}],"version-history":[{"count":11,"href":"https:\/\/manda-motorhome-tours.com\/de\/wp-json\/wp\/v2\/pages\/239789\/revisions"}],"predecessor-version":[{"id":241022,"href":"https:\/\/manda-motorhome-tours.com\/de\/wp-json\/wp\/v2\/pages\/239789\/revisions\/241022"}],"wp:attachment":[{"href":"https:\/\/manda-motorhome-tours.com\/de\/wp-json\/wp\/v2\/media?parent=239789"}],"curies":[{"name":"wp","href":"https:\/\/api.w.org\/{rel}","templated":true}]}}